{"id":9684,"date":"2023-05-31T09:18:16","date_gmt":"2023-05-31T09:18:16","guid":{"rendered":"https:\/\/mie.medisonalm3.com\/product\/album\/"},"modified":"2023-09-19T11:05:19","modified_gmt":"2023-09-19T11:05:19","slug":"cannabis-based-products","status":"publish","type":"product","link":"https:\/\/mie.medisonalm3.com\/cs\/produkt\/cannabis-based-products\/","title":{"rendered":"Introduction to Cannabis-Based Products for Medicinal Use (CBPM), prescription and regulations"},"content":{"rendered":"<p>Discover the history and basic pharmacology of medical cannabis and learn about the full prescription process and current regulations surrounding CBPM in the UK.<\/p>\n<ul>\n<li>Poznat po\u010d\u00e1tky u\u017e\u00edv\u00e1n\u00ed konop\u00ed a p\u0159ipomenout si kl\u00ed\u010dov\u00e9 vlastnosti vedouc\u00ed k jeho historick\u00e9mu u\u017e\u00edv\u00e1n\u00ed.<\/li>\n<li>Demonstrovat proces p\u0159edepisov\u00e1n\u00ed l\u00e9\u010debn\u00e9ho konop\u00ed a vyjmenovat, co je pot\u0159eba p\u0159ed, b\u011bhem a po p\u0159edpisu.<\/li>\n<li>To summarise the regulatory landscape surrounding CBPM and successfully interpret the law regarding medical use.<\/li>\n<\/ul>\n<p>&nbsp;<\/p>\n<p><img fetchpriority=\"high\" decoding=\"async\" class=\"size-medium wp-image-9691 aligncenter\" src=\"https:\/\/mie.medisonalm3.com\/wp-content\/uploads\/2023\/05\/full-logo-87eb5ec23c-1-300x190.webp\" alt=\"\" width=\"300\" height=\"190\" srcset=\"https:\/\/mie.medisonalm3.com\/wp-content\/uploads\/2023\/05\/full-logo-87eb5ec23c-1-300x190.webp 300w, https:\/\/mie.medisonalm3.com\/wp-content\/uploads\/2023\/05\/full-logo-87eb5ec23c-1-18x12.webp 18w, https:\/\/mie.medisonalm3.com\/wp-content\/uploads\/2023\/05\/full-logo-87eb5ec23c-1.webp 376w\" sizes=\"(max-width: 300px) 100vw, 300px\" \/><\/p>","protected":false},"excerpt":{"rendered":"<p>Discover the history and basic pharmacology of medical cannabis and learn about the full prescription process and current regulations surrounding CBPM in the UK. To recognise the origins of cannabis use and to recall key properties leading to its historical use. To demonstrate the process of prescribing medical cannabis and list what is required pre-, [&hellip;]<\/p>\n","protected":false},"featured_media":9687,"template":"","meta":{"inline_featured_image":false,"site-sidebar-layout":"default","site-content-layout":"default","ast-site-content-layout":"","site-content-style":"default","site-sidebar-style":"default","ast-global-header-display":"","ast-banner-title-visibility":"","ast-main-header-display":"","ast-hfb-above-header-display":"","ast-hfb-below-header-display":"","ast-hfb-mobile-header-display":"","site-post-title":"","ast-breadcrumbs-content":"","ast-featured-img":"","footer-sml-layout":"","theme-transparent-header-meta":"default","adv-header-id-meta":"","stick-header-meta":"","header-above-stick-meta":"","header-main-stick-meta":"","header-below-stick-meta":"","astra-migrate-meta-layouts":"default","ast-page-background-enabled":"default","ast-page-background-meta":{"desktop":{"background-color":"var(--ast-global-color-4)","background-image":"","background-repeat":"repeat","background-position":"center center","background-size":"auto","background-attachment":"scroll","background-type":"","background-media":"","overlay-type":"","overlay-color":"","overlay-opacity":"","overlay-gradient":""},"tablet":{"background-color":"","background-image":"","background-repeat":"repeat","background-position":"center center","background-size":"auto","background-attachment":"scroll","background-type":"","background-media":"","overlay-type":"","overlay-color":"","overlay-opacity":"","overlay-gradient":""},"mobile":{"background-color":"","background-image":"","background-repeat":"repeat","background-position":"center center","background-size":"auto","background-attachment":"scroll","background-type":"","background-media":"","overlay-type":"","overlay-color":"","overlay-opacity":"","overlay-gradient":""}},"ast-content-background-meta":{"desktop":{"background-color":"var(--ast-global-color-5)","background-image":"","background-repeat":"repeat","background-position":"center center","background-size":"auto","background-attachment":"scroll","background-type":"","background-media":"","overlay-type":"","overlay-color":"","overlay-opacity":"","overlay-gradient":""},"tablet":{"background-color":"var(--ast-global-color-5)","background-image":"","background-repeat":"repeat","background-position":"center center","background-size":"auto","background-attachment":"scroll","background-type":"","background-media":"","overlay-type":"","overlay-color":"","overlay-opacity":"","overlay-gradient":""},"mobile":{"background-color":"var(--ast-global-color-5)","background-image":"","background-repeat":"repeat","background-position":"center center","background-size":"auto","background-attachment":"scroll","background-type":"","background-media":"","overlay-type":"","overlay-color":"","overlay-opacity":"","overlay-gradient":""}}},"product_brand":[],"product_cat":[54],"product_tag":[],"class_list":{"0":"post-9684","1":"product","2":"type-product","3":"status-publish","4":"has-post-thumbnail","6":"product_cat-cannabis","7":"desktop-align-left","8":"tablet-align-left","9":"mobile-align-left","11":"first","12":"instock","13":"virtual","14":"sold-individually","15":"taxable","16":"purchasable","17":"product-type-course"},"yoast_head":"<!-- This site is optimized with the Yoast SEO plugin v27.2 - https:\/\/yoast.com\/product\/yoast-seo-wordpress\/ -->\n<title>Introduction to Cannabis-Based Products for Medicinal Use<\/title>\n<meta name=\"description\" content=\"Discover the history and basic pharmacology of medical cannabis. Learn about the prescription process and current regulations on cannabis-based products.\" \/>\n<meta name=\"robots\" content=\"index, follow, max-snippet:-1, max-image-preview:large, max-video-preview:-1\" \/>\n<link rel=\"canonical\" href=\"https:\/\/mie.medisonalm3.com\/cs\/produkt\/cannabis-based-products\/\" \/>\n<meta property=\"og:locale\" content=\"cs_CZ\" \/>\n<meta property=\"og:type\" content=\"article\" \/>\n<meta property=\"og:title\" content=\"Introduction to Cannabis-Based Products for Medicinal Use\" \/>\n<meta property=\"og:description\" content=\"Discover the history and basic pharmacology of medical cannabis and learn about the full prescription process and current regulations surrounding CBPM.\" \/>\n<meta property=\"og:url\" content=\"https:\/\/mie.medisonalm3.com\/cs\/produkt\/cannabis-based-products\/\" \/>\n<meta property=\"og:site_name\" content=\"Medisonal Institute of Education\" \/>\n<meta property=\"article:publisher\" content=\"https:\/\/www.facebook.com\/Medisonal\" \/>\n<meta property=\"article:modified_time\" content=\"2023-09-19T11:05:19+00:00\" \/>\n<meta property=\"og:image\" content=\"https:\/\/i0.wp.com\/mie.medisonalm3.com\/wp-content\/uploads\/2023\/05\/leaf-1.webp?fit=2000%2C1200&ssl=1\" \/>\n\t<meta property=\"og:image:width\" content=\"2000\" \/>\n\t<meta property=\"og:image:height\" content=\"1200\" \/>\n\t<meta property=\"og:image:type\" content=\"image\/webp\" \/>\n<meta name=\"twitter:card\" content=\"summary_large_image\" \/>\n<meta name=\"twitter:title\" content=\"Introduction to Cannabis-Based Products for Medicinal Use\" \/>\n<meta name=\"twitter:description\" content=\"Discover the history and basic pharmacology of medical cannabis and learn about the full prescription process and current regulations surrounding CBPM.\" \/>\n<meta name=\"twitter:image\" content=\"https:\/\/mie.medisonalm3.com\/wp-content\/uploads\/2023\/05\/leaf-1.webp\" \/>\n<meta name=\"twitter:site\" content=\"@MedisonalUK\" \/>\n<meta name=\"twitter:label1\" content=\"Odhadovan\u00e1 doba \u010dten\u00ed\" \/>\n\t<meta name=\"twitter:data1\" content=\"1 minuta\" \/>\n<script type=\"application\/ld+json\" class=\"yoast-schema-graph\">{\"@context\":\"https:\/\/schema.org\",\"@graph\":[{\"@type\":\"WebPage\",\"@id\":\"https:\/\/mie.medisonalm3.com\/product\/cannabis-based-products\/\",\"url\":\"https:\/\/mie.medisonalm3.com\/product\/cannabis-based-products\/\",\"name\":\"Introduction to Cannabis-Based Products for Medicinal Use\",\"isPartOf\":{\"@id\":\"https:\/\/mie.medisonalm3.com\/#website\"},\"primaryImageOfPage\":{\"@id\":\"https:\/\/mie.medisonalm3.com\/product\/cannabis-based-products\/#primaryimage\"},\"image\":{\"@id\":\"https:\/\/mie.medisonalm3.com\/product\/cannabis-based-products\/#primaryimage\"},\"thumbnailUrl\":\"https:\/\/mie.medisonalm3.com\/wp-content\/uploads\/2023\/05\/leaf-1.webp\",\"datePublished\":\"2023-05-31T09:18:16+00:00\",\"dateModified\":\"2023-09-19T11:05:19+00:00\",\"description\":\"Discover the history and basic pharmacology of medical cannabis. Learn about the prescription process and current regulations on cannabis-based products.\",\"breadcrumb\":{\"@id\":\"https:\/\/mie.medisonalm3.com\/product\/cannabis-based-products\/#breadcrumb\"},\"inLanguage\":\"cs\",\"potentialAction\":[{\"@type\":\"ReadAction\",\"target\":[\"https:\/\/mie.medisonalm3.com\/product\/cannabis-based-products\/\"]}]},{\"@type\":\"ImageObject\",\"inLanguage\":\"cs\",\"@id\":\"https:\/\/mie.medisonalm3.com\/product\/cannabis-based-products\/#primaryimage\",\"url\":\"https:\/\/mie.medisonalm3.com\/wp-content\/uploads\/2023\/05\/leaf-1.webp\",\"contentUrl\":\"https:\/\/mie.medisonalm3.com\/wp-content\/uploads\/2023\/05\/leaf-1.webp\",\"width\":2000,\"height\":1200,\"caption\":\"Introduction to Cannabis-Based Products for Medicinal Use (CBPM), prescription and regulations\"},{\"@type\":\"BreadcrumbList\",\"@id\":\"https:\/\/mie.medisonalm3.com\/product\/cannabis-based-products\/#breadcrumb\",\"itemListElement\":[{\"@type\":\"ListItem\",\"position\":1,\"name\":\"Home\",\"item\":\"https:\/\/mie.medisonalm3.com\/\"},{\"@type\":\"ListItem\",\"position\":2,\"name\":\"Shop Courses\",\"item\":\"https:\/\/mie.medisonalm3.com\/shop-courses\/\"},{\"@type\":\"ListItem\",\"position\":3,\"name\":\"Introduction to Cannabis-Based Products for Medicinal Use (CBPM), prescription and regulations\"}]},{\"@type\":\"WebSite\",\"@id\":\"https:\/\/mie.medisonalm3.com\/#website\",\"url\":\"https:\/\/mie.medisonalm3.com\/\",\"name\":\"Medisonal Institute Of Education\",\"description\":\"Our CPD accredited courses are targeted to both existing, and future prescribers of cannabis-based products for medicinal use (CBPM).\",\"publisher\":{\"@id\":\"https:\/\/mie.medisonalm3.com\/#organization\"},\"potentialAction\":[{\"@type\":\"SearchAction\",\"target\":{\"@type\":\"EntryPoint\",\"urlTemplate\":\"https:\/\/mie.medisonalm3.com\/?s={search_term_string}\"},\"query-input\":{\"@type\":\"PropertyValueSpecification\",\"valueRequired\":true,\"valueName\":\"search_term_string\"}}],\"inLanguage\":\"cs\"},{\"@type\":\"Organization\",\"@id\":\"https:\/\/mie.medisonalm3.com\/#organization\",\"name\":\"Medisonal Institute Of Education\",\"url\":\"https:\/\/mie.medisonalm3.com\/\",\"logo\":{\"@type\":\"ImageObject\",\"inLanguage\":\"cs\",\"@id\":\"https:\/\/mie.medisonalm3.com\/#\/schema\/logo\/image\/\",\"url\":\"https:\/\/mie.medisonalm3.com\/wp-content\/uploads\/2022\/05\/MIE-logo-New-white-bg.svg\",\"contentUrl\":\"https:\/\/mie.medisonalm3.com\/wp-content\/uploads\/2022\/05\/MIE-logo-New-white-bg.svg\",\"width\":221,\"height\":118,\"caption\":\"Medisonal Institute Of Education\"},\"image\":{\"@id\":\"https:\/\/mie.medisonalm3.com\/#\/schema\/logo\/image\/\"},\"sameAs\":[\"https:\/\/www.facebook.com\/Medisonal\",\"https:\/\/x.com\/MedisonalUK\",\"https:\/\/www.linkedin.com\/company\/medisonal\/\"]}]}<\/script>\n<!-- \/ Yoast SEO plugin. -->","yoast_head_json":{"title":"Introduction to Cannabis-Based Products for Medicinal Use","description":"Discover the history and basic pharmacology of medical cannabis. Learn about the prescription process and current regulations on cannabis-based products.","robots":{"index":"index","follow":"follow","max-snippet":"max-snippet:-1","max-image-preview":"max-image-preview:large","max-video-preview":"max-video-preview:-1"},"canonical":"https:\/\/mie.medisonalm3.com\/cs\/produkt\/cannabis-based-products\/","og_locale":"cs_CZ","og_type":"article","og_title":"Introduction to Cannabis-Based Products for Medicinal Use","og_description":"Discover the history and basic pharmacology of medical cannabis and learn about the full prescription process and current regulations surrounding CBPM.","og_url":"https:\/\/mie.medisonalm3.com\/cs\/produkt\/cannabis-based-products\/","og_site_name":"Medisonal Institute of Education","article_publisher":"https:\/\/www.facebook.com\/Medisonal","article_modified_time":"2023-09-19T11:05:19+00:00","og_image":[{"width":2000,"height":1200,"url":"https:\/\/i0.wp.com\/mie.medisonalm3.com\/wp-content\/uploads\/2023\/05\/leaf-1.webp?fit=2000%2C1200&ssl=1","type":"image\/webp"}],"twitter_card":"summary_large_image","twitter_title":"Introduction to Cannabis-Based Products for Medicinal Use","twitter_description":"Discover the history and basic pharmacology of medical cannabis and learn about the full prescription process and current regulations surrounding CBPM.","twitter_image":"https:\/\/mie.medisonalm3.com\/wp-content\/uploads\/2023\/05\/leaf-1.webp","twitter_site":"@MedisonalUK","twitter_misc":{"Odhadovan\u00e1 doba \u010dten\u00ed":"1 minuta"},"schema":{"@context":"https:\/\/schema.org","@graph":[{"@type":"WebPage","@id":"https:\/\/mie.medisonalm3.com\/product\/cannabis-based-products\/","url":"https:\/\/mie.medisonalm3.com\/product\/cannabis-based-products\/","name":"Introduction to Cannabis-Based Products for Medicinal Use","isPartOf":{"@id":"https:\/\/mie.medisonalm3.com\/#website"},"primaryImageOfPage":{"@id":"https:\/\/mie.medisonalm3.com\/product\/cannabis-based-products\/#primaryimage"},"image":{"@id":"https:\/\/mie.medisonalm3.com\/product\/cannabis-based-products\/#primaryimage"},"thumbnailUrl":"https:\/\/mie.medisonalm3.com\/wp-content\/uploads\/2023\/05\/leaf-1.webp","datePublished":"2023-05-31T09:18:16+00:00","dateModified":"2023-09-19T11:05:19+00:00","description":"Discover the history and basic pharmacology of medical cannabis. Learn about the prescription process and current regulations on cannabis-based products.","breadcrumb":{"@id":"https:\/\/mie.medisonalm3.com\/product\/cannabis-based-products\/#breadcrumb"},"inLanguage":"cs","potentialAction":[{"@type":"ReadAction","target":["https:\/\/mie.medisonalm3.com\/product\/cannabis-based-products\/"]}]},{"@type":"ImageObject","inLanguage":"cs","@id":"https:\/\/mie.medisonalm3.com\/product\/cannabis-based-products\/#primaryimage","url":"https:\/\/mie.medisonalm3.com\/wp-content\/uploads\/2023\/05\/leaf-1.webp","contentUrl":"https:\/\/mie.medisonalm3.com\/wp-content\/uploads\/2023\/05\/leaf-1.webp","width":2000,"height":1200,"caption":"Introduction to Cannabis-Based Products for Medicinal Use (CBPM), prescription and regulations"},{"@type":"BreadcrumbList","@id":"https:\/\/mie.medisonalm3.com\/product\/cannabis-based-products\/#breadcrumb","itemListElement":[{"@type":"ListItem","position":1,"name":"Home","item":"https:\/\/mie.medisonalm3.com\/"},{"@type":"ListItem","position":2,"name":"Shop Courses","item":"https:\/\/mie.medisonalm3.com\/shop-courses\/"},{"@type":"ListItem","position":3,"name":"Introduction to Cannabis-Based Products for Medicinal Use (CBPM), prescription and regulations"}]},{"@type":"WebSite","@id":"https:\/\/mie.medisonalm3.com\/#website","url":"https:\/\/mie.medisonalm3.com\/","name":"Medisonal Institute Of Education","description":"Our CPD accredited courses are targeted to both existing, and future prescribers of cannabis-based products for medicinal use (CBPM).","publisher":{"@id":"https:\/\/mie.medisonalm3.com\/#organization"},"potentialAction":[{"@type":"SearchAction","target":{"@type":"EntryPoint","urlTemplate":"https:\/\/mie.medisonalm3.com\/?s={search_term_string}"},"query-input":{"@type":"PropertyValueSpecification","valueRequired":true,"valueName":"search_term_string"}}],"inLanguage":"cs"},{"@type":"Organization","@id":"https:\/\/mie.medisonalm3.com\/#organization","name":"Medisonal Institute Of Education","url":"https:\/\/mie.medisonalm3.com\/","logo":{"@type":"ImageObject","inLanguage":"cs","@id":"https:\/\/mie.medisonalm3.com\/#\/schema\/logo\/image\/","url":"https:\/\/mie.medisonalm3.com\/wp-content\/uploads\/2022\/05\/MIE-logo-New-white-bg.svg","contentUrl":"https:\/\/mie.medisonalm3.com\/wp-content\/uploads\/2022\/05\/MIE-logo-New-white-bg.svg","width":221,"height":118,"caption":"Medisonal Institute Of Education"},"image":{"@id":"https:\/\/mie.medisonalm3.com\/#\/schema\/logo\/image\/"},"sameAs":["https:\/\/www.facebook.com\/Medisonal","https:\/\/x.com\/MedisonalUK","https:\/\/www.linkedin.com\/company\/medisonal\/"]}]}},"_links":{"self":[{"href":"https:\/\/mie.medisonalm3.com\/cs\/wp-json\/wp\/v2\/product\/9684","targetHints":{"allow":["GET"]}}],"collection":[{"href":"https:\/\/mie.medisonalm3.com\/cs\/wp-json\/wp\/v2\/product"}],"about":[{"href":"https:\/\/mie.medisonalm3.com\/cs\/wp-json\/wp\/v2\/types\/product"}],"wp:featuredmedia":[{"embeddable":true,"href":"https:\/\/mie.medisonalm3.com\/cs\/wp-json\/wp\/v2\/media\/9687"}],"wp:attachment":[{"href":"https:\/\/mie.medisonalm3.com\/cs\/wp-json\/wp\/v2\/media?parent=9684"}],"wp:term":[{"taxonomy":"product_brand","embeddable":true,"href":"https:\/\/mie.medisonalm3.com\/cs\/wp-json\/wp\/v2\/product_brand?post=9684"},{"taxonomy":"product_cat","embeddable":true,"href":"https:\/\/mie.medisonalm3.com\/cs\/wp-json\/wp\/v2\/product_cat?post=9684"},{"taxonomy":"product_tag","embeddable":true,"href":"https:\/\/mie.medisonalm3.com\/cs\/wp-json\/wp\/v2\/product_tag?post=9684"}],"curies":[{"name":"wp","href":"https:\/\/api.w.org\/{rel}","templated":true}]}}