{"id":9708,"date":"2023-05-31T12:48:05","date_gmt":"2023-05-31T12:48:05","guid":{"rendered":"https:\/\/mie.medisonalm3.com\/?post_type=product&#038;p=9708"},"modified":"2023-09-18T11:15:48","modified_gmt":"2023-09-18T11:15:48","slug":"role-of-cannabis-products-in-psychiatric-conditions","status":"publish","type":"product","link":"https:\/\/mie.medisonalm3.com\/cs\/produkt\/role-of-cannabis-products-in-psychiatric-conditions\/","title":{"rendered":"The role of Cannabis-based Products for Medicinal Use (CBPM) in Psychiatric Conditions"},"content":{"rendered":"<p>Explore novel applications of CBPM treatments for psychiatric conditions. Gain expert advice on starting doses, course duration and formulations suitable for psychiatric conditions.<\/p>\n<div class=\"d-flex mb-2\">\n<ul>\n<li class=\"p-2\">To list the applications for cannabis-based medicines in the field of psychiatry and to identify the pros and cons of CBPM for each application.<\/li>\n<li class=\"p-2\">To recall appropriate treatment ratios of THC:CBD when prescribing CBPM for each psychiatric based application and to recognise a suitable starting dose.<\/li>\n<li class=\"p-2\">To create a treatment plan for an individual patient suffering from psychiatric conditions requiring CBPM therapy, including appropriate maintenance and follow-up<\/li>\n<\/ul>\n<\/div>\n<p>&nbsp;<\/p>\n<p><img fetchpriority=\"high\" decoding=\"async\" class=\"size-medium wp-image-9691 aligncenter\" src=\"https:\/\/mie.medisonalm3.com\/wp-content\/uploads\/2023\/05\/full-logo-87eb5ec23c-1-300x190.webp\" alt=\"\" width=\"300\" height=\"190\" srcset=\"https:\/\/mie.medisonalm3.com\/wp-content\/uploads\/2023\/05\/full-logo-87eb5ec23c-1-300x190.webp 300w, https:\/\/mie.medisonalm3.com\/wp-content\/uploads\/2023\/05\/full-logo-87eb5ec23c-1-18x12.webp 18w, https:\/\/mie.medisonalm3.com\/wp-content\/uploads\/2023\/05\/full-logo-87eb5ec23c-1.webp 376w\" sizes=\"(max-width: 300px) 100vw, 300px\" \/><\/p>","protected":false},"excerpt":{"rendered":"<p>Explore novel applications of CBPM treatments for psychiatric conditions. Gain expert advice on starting doses, course duration and formulations suitable for psychiatric conditions. To list the applications for cannabis-based medicines in the field of psychiatry and to identify the pros and cons of CBPM for each application. To recall appropriate treatment ratios of THC:CBD when [&hellip;]<\/p>\n","protected":false},"featured_media":9709,"template":"","meta":{"inline_featured_image":false,"site-sidebar-layout":"default","site-content-layout":"default","ast-site-content-layout":"","site-content-style":"default","site-sidebar-style":"default","ast-global-header-display":"","ast-banner-title-visibility":"","ast-main-header-display":"","ast-hfb-above-header-display":"","ast-hfb-below-header-display":"","ast-hfb-mobile-header-display":"","site-post-title":"","ast-breadcrumbs-content":"","ast-featured-img":"","footer-sml-layout":"","theme-transparent-header-meta":"default","adv-header-id-meta":"","stick-header-meta":"","header-above-stick-meta":"","header-main-stick-meta":"","header-below-stick-meta":"","astra-migrate-meta-layouts":"default","ast-page-background-enabled":"default","ast-page-background-meta":{"desktop":{"background-color":"var(--ast-global-color-4)","background-image":"","background-repeat":"repeat","background-position":"center center","background-size":"auto","background-attachment":"scroll","background-type":"","background-media":"","overlay-type":"","overlay-color":"","overlay-opacity":"","overlay-gradient":""},"tablet":{"background-color":"","background-image":"","background-repeat":"repeat","background-position":"center center","background-size":"auto","background-attachment":"scroll","background-type":"","background-media":"","overlay-type":"","overlay-color":"","overlay-opacity":"","overlay-gradient":""},"mobile":{"background-color":"","background-image":"","background-repeat":"repeat","background-position":"center center","background-size":"auto","background-attachment":"scroll","background-type":"","background-media":"","overlay-type":"","overlay-color":"","overlay-opacity":"","overlay-gradient":""}},"ast-content-background-meta":{"desktop":{"background-color":"var(--ast-global-color-5)","background-image":"","background-repeat":"repeat","background-position":"center center","background-size":"auto","background-attachment":"scroll","background-type":"","background-media":"","overlay-type":"","overlay-color":"","overlay-opacity":"","overlay-gradient":""},"tablet":{"background-color":"var(--ast-global-color-5)","background-image":"","background-repeat":"repeat","background-position":"center center","background-size":"auto","background-attachment":"scroll","background-type":"","background-media":"","overlay-type":"","overlay-color":"","overlay-opacity":"","overlay-gradient":""},"mobile":{"background-color":"var(--ast-global-color-5)","background-image":"","background-repeat":"repeat","background-position":"center center","background-size":"auto","background-attachment":"scroll","background-type":"","background-media":"","overlay-type":"","overlay-color":"","overlay-opacity":"","overlay-gradient":""}}},"product_brand":[],"product_cat":[54],"product_tag":[],"class_list":{"0":"post-9708","1":"product","2":"type-product","3":"status-publish","4":"has-post-thumbnail","6":"product_cat-cannabis","7":"desktop-align-left","8":"tablet-align-left","9":"mobile-align-left","11":"first","12":"instock","13":"virtual","14":"sold-individually","15":"taxable","16":"purchasable","17":"product-type-course"},"yoast_head":"<!-- This site is optimized with the Yoast SEO plugin v27.2 - https:\/\/yoast.com\/product\/yoast-seo-wordpress\/ -->\n<title>Products for Medicinal Use in Psychiatric Conditions<\/title>\n<meta name=\"description\" content=\"Explore novel applications of CBPM treatments for psychiatric conditions. Gain expert advice on starting doses and formulations for psychiatric conditions.\" \/>\n<meta name=\"robots\" content=\"index, follow, max-snippet:-1, max-image-preview:large, max-video-preview:-1\" \/>\n<link rel=\"canonical\" href=\"https:\/\/mie.medisonalm3.com\/cs\/produkt\/role-of-cannabis-products-in-psychiatric-conditions\/\" \/>\n<meta property=\"og:locale\" content=\"cs_CZ\" \/>\n<meta property=\"og:type\" content=\"article\" \/>\n<meta property=\"og:title\" content=\"Products for Medicinal Use in Psychiatric Conditions\" \/>\n<meta property=\"og:description\" content=\"Explore novel applications of CBPM treatments for psychiatric conditions. Gain expert advice on starting doses and formulations for psychiatric conditions.\" \/>\n<meta property=\"og:url\" content=\"https:\/\/mie.medisonalm3.com\/cs\/produkt\/role-of-cannabis-products-in-psychiatric-conditions\/\" \/>\n<meta property=\"og:site_name\" content=\"Medisonal Institute of Education\" \/>\n<meta property=\"article:publisher\" content=\"https:\/\/www.facebook.com\/Medisonal\" \/>\n<meta property=\"article:modified_time\" content=\"2023-09-18T11:15:48+00:00\" \/>\n<meta property=\"og:image\" content=\"https:\/\/i0.wp.com\/mie.medisonalm3.com\/wp-content\/uploads\/2023\/05\/brain.webp?fit=2000%2C1200&ssl=1\" \/>\n\t<meta property=\"og:image:width\" content=\"2000\" \/>\n\t<meta property=\"og:image:height\" content=\"1200\" \/>\n\t<meta property=\"og:image:type\" content=\"image\/webp\" \/>\n<meta name=\"twitter:card\" content=\"summary_large_image\" \/>\n<meta name=\"twitter:site\" content=\"@MedisonalUK\" \/>\n<meta name=\"twitter:label1\" content=\"Odhadovan\u00e1 doba \u010dten\u00ed\" \/>\n\t<meta name=\"twitter:data1\" content=\"1 minuta\" \/>\n<script type=\"application\/ld+json\" class=\"yoast-schema-graph\">{\"@context\":\"https:\/\/schema.org\",\"@graph\":[{\"@type\":\"WebPage\",\"@id\":\"https:\/\/mie.medisonalm3.com\/product\/role-of-cannabis-products-in-psychiatric-conditions\/\",\"url\":\"https:\/\/mie.medisonalm3.com\/product\/role-of-cannabis-products-in-psychiatric-conditions\/\",\"name\":\"Products for Medicinal Use in Psychiatric Conditions\",\"isPartOf\":{\"@id\":\"https:\/\/mie.medisonalm3.com\/#website\"},\"primaryImageOfPage\":{\"@id\":\"https:\/\/mie.medisonalm3.com\/product\/role-of-cannabis-products-in-psychiatric-conditions\/#primaryimage\"},\"image\":{\"@id\":\"https:\/\/mie.medisonalm3.com\/product\/role-of-cannabis-products-in-psychiatric-conditions\/#primaryimage\"},\"thumbnailUrl\":\"https:\/\/mie.medisonalm3.com\/wp-content\/uploads\/2023\/05\/brain.webp\",\"datePublished\":\"2023-05-31T12:48:05+00:00\",\"dateModified\":\"2023-09-18T11:15:48+00:00\",\"description\":\"Explore novel applications of CBPM treatments for psychiatric conditions. Gain expert advice on starting doses and formulations for psychiatric conditions.\",\"breadcrumb\":{\"@id\":\"https:\/\/mie.medisonalm3.com\/product\/role-of-cannabis-products-in-psychiatric-conditions\/#breadcrumb\"},\"inLanguage\":\"cs\",\"potentialAction\":[{\"@type\":\"ReadAction\",\"target\":[\"https:\/\/mie.medisonalm3.com\/product\/role-of-cannabis-products-in-psychiatric-conditions\/\"]}]},{\"@type\":\"ImageObject\",\"inLanguage\":\"cs\",\"@id\":\"https:\/\/mie.medisonalm3.com\/product\/role-of-cannabis-products-in-psychiatric-conditions\/#primaryimage\",\"url\":\"https:\/\/mie.medisonalm3.com\/wp-content\/uploads\/2023\/05\/brain.webp\",\"contentUrl\":\"https:\/\/mie.medisonalm3.com\/wp-content\/uploads\/2023\/05\/brain.webp\",\"width\":2000,\"height\":1200,\"caption\":\"The role of Cannabis-based Products for Medicinal Use (CBPM) in Psychiatric Conditions\"},{\"@type\":\"BreadcrumbList\",\"@id\":\"https:\/\/mie.medisonalm3.com\/product\/role-of-cannabis-products-in-psychiatric-conditions\/#breadcrumb\",\"itemListElement\":[{\"@type\":\"ListItem\",\"position\":1,\"name\":\"Home\",\"item\":\"https:\/\/mie.medisonalm3.com\/\"},{\"@type\":\"ListItem\",\"position\":2,\"name\":\"Shop Courses\",\"item\":\"https:\/\/mie.medisonalm3.com\/shop-courses\/\"},{\"@type\":\"ListItem\",\"position\":3,\"name\":\"The role of Cannabis-based Products for Medicinal Use (CBPM) in Psychiatric Conditions\"}]},{\"@type\":\"WebSite\",\"@id\":\"https:\/\/mie.medisonalm3.com\/#website\",\"url\":\"https:\/\/mie.medisonalm3.com\/\",\"name\":\"Medisonal Institute Of Education\",\"description\":\"Our CPD accredited courses are targeted to both existing, and future prescribers of cannabis-based products for medicinal use (CBPM).\",\"publisher\":{\"@id\":\"https:\/\/mie.medisonalm3.com\/#organization\"},\"potentialAction\":[{\"@type\":\"SearchAction\",\"target\":{\"@type\":\"EntryPoint\",\"urlTemplate\":\"https:\/\/mie.medisonalm3.com\/?s={search_term_string}\"},\"query-input\":{\"@type\":\"PropertyValueSpecification\",\"valueRequired\":true,\"valueName\":\"search_term_string\"}}],\"inLanguage\":\"cs\"},{\"@type\":\"Organization\",\"@id\":\"https:\/\/mie.medisonalm3.com\/#organization\",\"name\":\"Medisonal Institute Of Education\",\"url\":\"https:\/\/mie.medisonalm3.com\/\",\"logo\":{\"@type\":\"ImageObject\",\"inLanguage\":\"cs\",\"@id\":\"https:\/\/mie.medisonalm3.com\/#\/schema\/logo\/image\/\",\"url\":\"https:\/\/mie.medisonalm3.com\/wp-content\/uploads\/2022\/05\/MIE-logo-New-white-bg.svg\",\"contentUrl\":\"https:\/\/mie.medisonalm3.com\/wp-content\/uploads\/2022\/05\/MIE-logo-New-white-bg.svg\",\"width\":221,\"height\":118,\"caption\":\"Medisonal Institute Of Education\"},\"image\":{\"@id\":\"https:\/\/mie.medisonalm3.com\/#\/schema\/logo\/image\/\"},\"sameAs\":[\"https:\/\/www.facebook.com\/Medisonal\",\"https:\/\/x.com\/MedisonalUK\",\"https:\/\/www.linkedin.com\/company\/medisonal\/\"]}]}<\/script>\n<!-- \/ Yoast SEO plugin. -->","yoast_head_json":{"title":"Products for Medicinal Use in Psychiatric Conditions","description":"Explore novel applications of CBPM treatments for psychiatric conditions. Gain expert advice on starting doses and formulations for psychiatric conditions.","robots":{"index":"index","follow":"follow","max-snippet":"max-snippet:-1","max-image-preview":"max-image-preview:large","max-video-preview":"max-video-preview:-1"},"canonical":"https:\/\/mie.medisonalm3.com\/cs\/produkt\/role-of-cannabis-products-in-psychiatric-conditions\/","og_locale":"cs_CZ","og_type":"article","og_title":"Products for Medicinal Use in Psychiatric Conditions","og_description":"Explore novel applications of CBPM treatments for psychiatric conditions. Gain expert advice on starting doses and formulations for psychiatric conditions.","og_url":"https:\/\/mie.medisonalm3.com\/cs\/produkt\/role-of-cannabis-products-in-psychiatric-conditions\/","og_site_name":"Medisonal Institute of Education","article_publisher":"https:\/\/www.facebook.com\/Medisonal","article_modified_time":"2023-09-18T11:15:48+00:00","og_image":[{"width":2000,"height":1200,"url":"https:\/\/i0.wp.com\/mie.medisonalm3.com\/wp-content\/uploads\/2023\/05\/brain.webp?fit=2000%2C1200&ssl=1","type":"image\/webp"}],"twitter_card":"summary_large_image","twitter_site":"@MedisonalUK","twitter_misc":{"Odhadovan\u00e1 doba \u010dten\u00ed":"1 minuta"},"schema":{"@context":"https:\/\/schema.org","@graph":[{"@type":"WebPage","@id":"https:\/\/mie.medisonalm3.com\/product\/role-of-cannabis-products-in-psychiatric-conditions\/","url":"https:\/\/mie.medisonalm3.com\/product\/role-of-cannabis-products-in-psychiatric-conditions\/","name":"Products for Medicinal Use in Psychiatric Conditions","isPartOf":{"@id":"https:\/\/mie.medisonalm3.com\/#website"},"primaryImageOfPage":{"@id":"https:\/\/mie.medisonalm3.com\/product\/role-of-cannabis-products-in-psychiatric-conditions\/#primaryimage"},"image":{"@id":"https:\/\/mie.medisonalm3.com\/product\/role-of-cannabis-products-in-psychiatric-conditions\/#primaryimage"},"thumbnailUrl":"https:\/\/mie.medisonalm3.com\/wp-content\/uploads\/2023\/05\/brain.webp","datePublished":"2023-05-31T12:48:05+00:00","dateModified":"2023-09-18T11:15:48+00:00","description":"Explore novel applications of CBPM treatments for psychiatric conditions. Gain expert advice on starting doses and formulations for psychiatric conditions.","breadcrumb":{"@id":"https:\/\/mie.medisonalm3.com\/product\/role-of-cannabis-products-in-psychiatric-conditions\/#breadcrumb"},"inLanguage":"cs","potentialAction":[{"@type":"ReadAction","target":["https:\/\/mie.medisonalm3.com\/product\/role-of-cannabis-products-in-psychiatric-conditions\/"]}]},{"@type":"ImageObject","inLanguage":"cs","@id":"https:\/\/mie.medisonalm3.com\/product\/role-of-cannabis-products-in-psychiatric-conditions\/#primaryimage","url":"https:\/\/mie.medisonalm3.com\/wp-content\/uploads\/2023\/05\/brain.webp","contentUrl":"https:\/\/mie.medisonalm3.com\/wp-content\/uploads\/2023\/05\/brain.webp","width":2000,"height":1200,"caption":"The role of Cannabis-based Products for Medicinal Use (CBPM) in Psychiatric Conditions"},{"@type":"BreadcrumbList","@id":"https:\/\/mie.medisonalm3.com\/product\/role-of-cannabis-products-in-psychiatric-conditions\/#breadcrumb","itemListElement":[{"@type":"ListItem","position":1,"name":"Home","item":"https:\/\/mie.medisonalm3.com\/"},{"@type":"ListItem","position":2,"name":"Shop Courses","item":"https:\/\/mie.medisonalm3.com\/shop-courses\/"},{"@type":"ListItem","position":3,"name":"The role of Cannabis-based Products for Medicinal Use (CBPM) in Psychiatric Conditions"}]},{"@type":"WebSite","@id":"https:\/\/mie.medisonalm3.com\/#website","url":"https:\/\/mie.medisonalm3.com\/","name":"Medisonal Institute Of Education","description":"Our CPD accredited courses are targeted to both existing, and future prescribers of cannabis-based products for medicinal use (CBPM).","publisher":{"@id":"https:\/\/mie.medisonalm3.com\/#organization"},"potentialAction":[{"@type":"SearchAction","target":{"@type":"EntryPoint","urlTemplate":"https:\/\/mie.medisonalm3.com\/?s={search_term_string}"},"query-input":{"@type":"PropertyValueSpecification","valueRequired":true,"valueName":"search_term_string"}}],"inLanguage":"cs"},{"@type":"Organization","@id":"https:\/\/mie.medisonalm3.com\/#organization","name":"Medisonal Institute Of Education","url":"https:\/\/mie.medisonalm3.com\/","logo":{"@type":"ImageObject","inLanguage":"cs","@id":"https:\/\/mie.medisonalm3.com\/#\/schema\/logo\/image\/","url":"https:\/\/mie.medisonalm3.com\/wp-content\/uploads\/2022\/05\/MIE-logo-New-white-bg.svg","contentUrl":"https:\/\/mie.medisonalm3.com\/wp-content\/uploads\/2022\/05\/MIE-logo-New-white-bg.svg","width":221,"height":118,"caption":"Medisonal Institute Of Education"},"image":{"@id":"https:\/\/mie.medisonalm3.com\/#\/schema\/logo\/image\/"},"sameAs":["https:\/\/www.facebook.com\/Medisonal","https:\/\/x.com\/MedisonalUK","https:\/\/www.linkedin.com\/company\/medisonal\/"]}]}},"_links":{"self":[{"href":"https:\/\/mie.medisonalm3.com\/cs\/wp-json\/wp\/v2\/product\/9708","targetHints":{"allow":["GET"]}}],"collection":[{"href":"https:\/\/mie.medisonalm3.com\/cs\/wp-json\/wp\/v2\/product"}],"about":[{"href":"https:\/\/mie.medisonalm3.com\/cs\/wp-json\/wp\/v2\/types\/product"}],"wp:featuredmedia":[{"embeddable":true,"href":"https:\/\/mie.medisonalm3.com\/cs\/wp-json\/wp\/v2\/media\/9709"}],"wp:attachment":[{"href":"https:\/\/mie.medisonalm3.com\/cs\/wp-json\/wp\/v2\/media?parent=9708"}],"wp:term":[{"taxonomy":"product_brand","embeddable":true,"href":"https:\/\/mie.medisonalm3.com\/cs\/wp-json\/wp\/v2\/product_brand?post=9708"},{"taxonomy":"product_cat","embeddable":true,"href":"https:\/\/mie.medisonalm3.com\/cs\/wp-json\/wp\/v2\/product_cat?post=9708"},{"taxonomy":"product_tag","embeddable":true,"href":"https:\/\/mie.medisonalm3.com\/cs\/wp-json\/wp\/v2\/product_tag?post=9708"}],"curies":[{"name":"wp","href":"https:\/\/api.w.org\/{rel}","templated":true}]}}