{"id":9725,"date":"2023-05-31T13:38:36","date_gmt":"2023-05-31T13:38:36","guid":{"rendered":"https:\/\/mie.medisonalm3.com\/?post_type=product&#038;p=9725"},"modified":"2025-10-02T15:52:34","modified_gmt":"2025-10-02T15:52:34","slug":"medical-cannabis-in-veterinary-medicine","status":"publish","type":"product","link":"https:\/\/mie.medisonalm3.com\/cs\/produkt\/medical-cannabis-in-veterinary-medicine\/","title":{"rendered":"Introduction to Medical Cannabis in Veterinary Medicine"},"content":{"rendered":"<div>\n<p>This course aims to provide veterinary professionals with a basic introduction and overview of the current status of cannabis in veterinary medicine. Explore research and regulatory framework surrounding CBPM in veterinary medicine, and recognise clinical signs of toxicity and suggested treatment options.<\/p>\n<ul>\n<li>To have an understanding of the current research and proposed applications of use for CBPM in the various veterinary species.<\/li>\n<\/ul>\n<\/div>\n<div>\n<ul>\n<li>To recognise the clinical signs of toxicity in patients and suggested possible treatment options.<\/li>\n<\/ul>\n<\/div>\n<div>\n<ul>\n<li>To know the legalities and regulatory framework surrounding cannabis in veterinary medicine.<\/li>\n<\/ul>\n<p>&nbsp;<\/p>\n<\/div>","protected":false},"excerpt":{"rendered":"<p>This course aims to provide veterinary professionals with a basic introduction and overview of the current status of cannabis in veterinary medicine. Explore research and regulatory framework surrounding CBPM in veterinary medicine, and recognise clinical signs of toxicity and suggested treatment options. To have an understanding of the current research and proposed applications of use [&hellip;]<\/p>\n","protected":false},"featured_media":9726,"template":"","meta":{"inline_featured_image":false,"site-sidebar-layout":"default","site-content-layout":"default","ast-site-content-layout":"","site-content-style":"default","site-sidebar-style":"default","ast-global-header-display":"","ast-banner-title-visibility":"","ast-main-header-display":"","ast-hfb-above-header-display":"","ast-hfb-below-header-display":"","ast-hfb-mobile-header-display":"","site-post-title":"","ast-breadcrumbs-content":"","ast-featured-img":"","footer-sml-layout":"","theme-transparent-header-meta":"default","adv-header-id-meta":"","stick-header-meta":"","header-above-stick-meta":"","header-main-stick-meta":"","header-below-stick-meta":"","astra-migrate-meta-layouts":"default","ast-page-background-enabled":"default","ast-page-background-meta":{"desktop":{"background-color":"var(--ast-global-color-4)","background-image":"","background-repeat":"repeat","background-position":"center center","background-size":"auto","background-attachment":"scroll","background-type":"","background-media":"","overlay-type":"","overlay-color":"","overlay-opacity":"","overlay-gradient":""},"tablet":{"background-color":"","background-image":"","background-repeat":"repeat","background-position":"center center","background-size":"auto","background-attachment":"scroll","background-type":"","background-media":"","overlay-type":"","overlay-color":"","overlay-opacity":"","overlay-gradient":""},"mobile":{"background-color":"","background-image":"","background-repeat":"repeat","background-position":"center center","background-size":"auto","background-attachment":"scroll","background-type":"","background-media":"","overlay-type":"","overlay-color":"","overlay-opacity":"","overlay-gradient":""}},"ast-content-background-meta":{"desktop":{"background-color":"var(--ast-global-color-5)","background-image":"","background-repeat":"repeat","background-position":"center center","background-size":"auto","background-attachment":"scroll","background-type":"","background-media":"","overlay-type":"","overlay-color":"","overlay-opacity":"","overlay-gradient":""},"tablet":{"background-color":"var(--ast-global-color-5)","background-image":"","background-repeat":"repeat","background-position":"center center","background-size":"auto","background-attachment":"scroll","background-type":"","background-media":"","overlay-type":"","overlay-color":"","overlay-opacity":"","overlay-gradient":""},"mobile":{"background-color":"var(--ast-global-color-5)","background-image":"","background-repeat":"repeat","background-position":"center center","background-size":"auto","background-attachment":"scroll","background-type":"","background-media":"","overlay-type":"","overlay-color":"","overlay-opacity":"","overlay-gradient":""}}},"product_brand":[],"product_cat":[54,57],"product_tag":[],"class_list":{"0":"post-9725","1":"product","2":"type-product","3":"status-publish","4":"has-post-thumbnail","6":"product_cat-cannabis","7":"product_cat-veterinary","8":"desktop-align-left","9":"tablet-align-left","10":"mobile-align-left","12":"first","13":"instock","14":"virtual","15":"sold-individually","16":"taxable","17":"purchasable","18":"product-type-course"},"yoast_head":"<!-- This site is optimized with the Yoast SEO plugin v27.2 - https:\/\/yoast.com\/product\/yoast-seo-wordpress\/ -->\n<title>Introduction to Medical Cannabis in Veterinary Medicine<\/title>\n<meta name=\"description\" content=\"This course aims to provide veterinary professionals with a basic introduction and overview of the current status of cannabis in veterinary medicine.\" \/>\n<meta name=\"robots\" content=\"index, follow, max-snippet:-1, max-image-preview:large, max-video-preview:-1\" \/>\n<link rel=\"canonical\" href=\"https:\/\/mie.medisonalm3.com\/cs\/produkt\/medical-cannabis-in-veterinary-medicine\/\" \/>\n<meta property=\"og:locale\" content=\"cs_CZ\" \/>\n<meta property=\"og:type\" content=\"article\" \/>\n<meta property=\"og:title\" content=\"Introduction to Medical Cannabis in Veterinary Medicine\" \/>\n<meta property=\"og:description\" content=\"This course aims to provide veterinary professionals with a basic introduction and overview of the current status of cannabis in veterinary medicine.\" \/>\n<meta property=\"og:url\" content=\"https:\/\/mie.medisonalm3.com\/cs\/produkt\/medical-cannabis-in-veterinary-medicine\/\" \/>\n<meta property=\"og:site_name\" content=\"Medisonal Institute of Education\" \/>\n<meta property=\"article:publisher\" content=\"https:\/\/www.facebook.com\/Medisonal\" \/>\n<meta property=\"article:modified_time\" content=\"2025-10-02T15:52:34+00:00\" \/>\n<meta property=\"og:image\" content=\"https:\/\/i0.wp.com\/mie.medisonalm3.com\/wp-content\/uploads\/2023\/05\/template-copy.webp?fit=2000%2C1200&ssl=1\" \/>\n\t<meta property=\"og:image:width\" content=\"2000\" \/>\n\t<meta property=\"og:image:height\" content=\"1200\" \/>\n\t<meta property=\"og:image:type\" content=\"image\/webp\" \/>\n<meta name=\"twitter:card\" content=\"summary_large_image\" \/>\n<meta name=\"twitter:title\" content=\"Introduction to Medical Cannabis in Veterinary Medicine\" \/>\n<meta name=\"twitter:description\" content=\"This course aims to provide veterinary professionals with a basic introduction and overview of the current status of cannabis in veterinary medicine.\" \/>\n<meta name=\"twitter:image\" content=\"https:\/\/mie.medisonalm3.com\/wp-content\/uploads\/2023\/05\/template-copy.webp\" \/>\n<meta name=\"twitter:site\" content=\"@MedisonalUK\" \/>\n<meta name=\"twitter:label1\" content=\"Odhadovan\u00e1 doba \u010dten\u00ed\" \/>\n\t<meta name=\"twitter:data1\" content=\"1 minuta\" \/>\n<script type=\"application\/ld+json\" class=\"yoast-schema-graph\">{\"@context\":\"https:\/\/schema.org\",\"@graph\":[{\"@type\":\"WebPage\",\"@id\":\"https:\/\/mie.medisonalm3.com\/product\/medical-cannabis-in-veterinary-medicine\/\",\"url\":\"https:\/\/mie.medisonalm3.com\/product\/medical-cannabis-in-veterinary-medicine\/\",\"name\":\"Introduction to Medical Cannabis in Veterinary Medicine\",\"isPartOf\":{\"@id\":\"https:\/\/mie.medisonalm3.com\/#website\"},\"primaryImageOfPage\":{\"@id\":\"https:\/\/mie.medisonalm3.com\/product\/medical-cannabis-in-veterinary-medicine\/#primaryimage\"},\"image\":{\"@id\":\"https:\/\/mie.medisonalm3.com\/product\/medical-cannabis-in-veterinary-medicine\/#primaryimage\"},\"thumbnailUrl\":\"https:\/\/mie.medisonalm3.com\/wp-content\/uploads\/2023\/05\/template-copy.webp\",\"datePublished\":\"2023-05-31T13:38:36+00:00\",\"dateModified\":\"2025-10-02T15:52:34+00:00\",\"description\":\"This course aims to provide veterinary professionals with a basic introduction and overview of the current status of cannabis in veterinary medicine.\",\"breadcrumb\":{\"@id\":\"https:\/\/mie.medisonalm3.com\/product\/medical-cannabis-in-veterinary-medicine\/#breadcrumb\"},\"inLanguage\":\"cs\",\"potentialAction\":[{\"@type\":\"ReadAction\",\"target\":[\"https:\/\/mie.medisonalm3.com\/product\/medical-cannabis-in-veterinary-medicine\/\"]}]},{\"@type\":\"ImageObject\",\"inLanguage\":\"cs\",\"@id\":\"https:\/\/mie.medisonalm3.com\/product\/medical-cannabis-in-veterinary-medicine\/#primaryimage\",\"url\":\"https:\/\/mie.medisonalm3.com\/wp-content\/uploads\/2023\/05\/template-copy.webp\",\"contentUrl\":\"https:\/\/mie.medisonalm3.com\/wp-content\/uploads\/2023\/05\/template-copy.webp\",\"width\":2000,\"height\":1200,\"caption\":\"Introduction to Medical Cannabis in Veterinary Medicine\"},{\"@type\":\"BreadcrumbList\",\"@id\":\"https:\/\/mie.medisonalm3.com\/product\/medical-cannabis-in-veterinary-medicine\/#breadcrumb\",\"itemListElement\":[{\"@type\":\"ListItem\",\"position\":1,\"name\":\"Home\",\"item\":\"https:\/\/mie.medisonalm3.com\/\"},{\"@type\":\"ListItem\",\"position\":2,\"name\":\"Shop Courses\",\"item\":\"https:\/\/mie.medisonalm3.com\/shop-courses\/\"},{\"@type\":\"ListItem\",\"position\":3,\"name\":\"Introduction to Medical Cannabis in Veterinary Medicine\"}]},{\"@type\":\"WebSite\",\"@id\":\"https:\/\/mie.medisonalm3.com\/#website\",\"url\":\"https:\/\/mie.medisonalm3.com\/\",\"name\":\"Medisonal Institute Of Education\",\"description\":\"Our CPD accredited courses are targeted to both existing, and future prescribers of cannabis-based products for medicinal use (CBPM).\",\"publisher\":{\"@id\":\"https:\/\/mie.medisonalm3.com\/#organization\"},\"potentialAction\":[{\"@type\":\"SearchAction\",\"target\":{\"@type\":\"EntryPoint\",\"urlTemplate\":\"https:\/\/mie.medisonalm3.com\/?s={search_term_string}\"},\"query-input\":{\"@type\":\"PropertyValueSpecification\",\"valueRequired\":true,\"valueName\":\"search_term_string\"}}],\"inLanguage\":\"cs\"},{\"@type\":\"Organization\",\"@id\":\"https:\/\/mie.medisonalm3.com\/#organization\",\"name\":\"Medisonal Institute Of Education\",\"url\":\"https:\/\/mie.medisonalm3.com\/\",\"logo\":{\"@type\":\"ImageObject\",\"inLanguage\":\"cs\",\"@id\":\"https:\/\/mie.medisonalm3.com\/#\/schema\/logo\/image\/\",\"url\":\"https:\/\/mie.medisonalm3.com\/wp-content\/uploads\/2022\/05\/MIE-logo-New-white-bg.svg\",\"contentUrl\":\"https:\/\/mie.medisonalm3.com\/wp-content\/uploads\/2022\/05\/MIE-logo-New-white-bg.svg\",\"width\":221,\"height\":118,\"caption\":\"Medisonal Institute Of Education\"},\"image\":{\"@id\":\"https:\/\/mie.medisonalm3.com\/#\/schema\/logo\/image\/\"},\"sameAs\":[\"https:\/\/www.facebook.com\/Medisonal\",\"https:\/\/x.com\/MedisonalUK\",\"https:\/\/www.linkedin.com\/company\/medisonal\/\"]}]}<\/script>\n<!-- \/ Yoast SEO plugin. -->","yoast_head_json":{"title":"Introduction to Medical Cannabis in Veterinary Medicine","description":"This course aims to provide veterinary professionals with a basic introduction and overview of the current status of cannabis in veterinary medicine.","robots":{"index":"index","follow":"follow","max-snippet":"max-snippet:-1","max-image-preview":"max-image-preview:large","max-video-preview":"max-video-preview:-1"},"canonical":"https:\/\/mie.medisonalm3.com\/cs\/produkt\/medical-cannabis-in-veterinary-medicine\/","og_locale":"cs_CZ","og_type":"article","og_title":"Introduction to Medical Cannabis in Veterinary Medicine","og_description":"This course aims to provide veterinary professionals with a basic introduction and overview of the current status of cannabis in veterinary medicine.","og_url":"https:\/\/mie.medisonalm3.com\/cs\/produkt\/medical-cannabis-in-veterinary-medicine\/","og_site_name":"Medisonal Institute of Education","article_publisher":"https:\/\/www.facebook.com\/Medisonal","article_modified_time":"2025-10-02T15:52:34+00:00","og_image":[{"width":2000,"height":1200,"url":"https:\/\/i0.wp.com\/mie.medisonalm3.com\/wp-content\/uploads\/2023\/05\/template-copy.webp?fit=2000%2C1200&ssl=1","type":"image\/webp"}],"twitter_card":"summary_large_image","twitter_title":"Introduction to Medical Cannabis in Veterinary Medicine","twitter_description":"This course aims to provide veterinary professionals with a basic introduction and overview of the current status of cannabis in veterinary medicine.","twitter_image":"https:\/\/mie.medisonalm3.com\/wp-content\/uploads\/2023\/05\/template-copy.webp","twitter_site":"@MedisonalUK","twitter_misc":{"Odhadovan\u00e1 doba \u010dten\u00ed":"1 minuta"},"schema":{"@context":"https:\/\/schema.org","@graph":[{"@type":"WebPage","@id":"https:\/\/mie.medisonalm3.com\/product\/medical-cannabis-in-veterinary-medicine\/","url":"https:\/\/mie.medisonalm3.com\/product\/medical-cannabis-in-veterinary-medicine\/","name":"Introduction to Medical Cannabis in Veterinary Medicine","isPartOf":{"@id":"https:\/\/mie.medisonalm3.com\/#website"},"primaryImageOfPage":{"@id":"https:\/\/mie.medisonalm3.com\/product\/medical-cannabis-in-veterinary-medicine\/#primaryimage"},"image":{"@id":"https:\/\/mie.medisonalm3.com\/product\/medical-cannabis-in-veterinary-medicine\/#primaryimage"},"thumbnailUrl":"https:\/\/mie.medisonalm3.com\/wp-content\/uploads\/2023\/05\/template-copy.webp","datePublished":"2023-05-31T13:38:36+00:00","dateModified":"2025-10-02T15:52:34+00:00","description":"This course aims to provide veterinary professionals with a basic introduction and overview of the current status of cannabis in veterinary medicine.","breadcrumb":{"@id":"https:\/\/mie.medisonalm3.com\/product\/medical-cannabis-in-veterinary-medicine\/#breadcrumb"},"inLanguage":"cs","potentialAction":[{"@type":"ReadAction","target":["https:\/\/mie.medisonalm3.com\/product\/medical-cannabis-in-veterinary-medicine\/"]}]},{"@type":"ImageObject","inLanguage":"cs","@id":"https:\/\/mie.medisonalm3.com\/product\/medical-cannabis-in-veterinary-medicine\/#primaryimage","url":"https:\/\/mie.medisonalm3.com\/wp-content\/uploads\/2023\/05\/template-copy.webp","contentUrl":"https:\/\/mie.medisonalm3.com\/wp-content\/uploads\/2023\/05\/template-copy.webp","width":2000,"height":1200,"caption":"Introduction to Medical Cannabis in Veterinary Medicine"},{"@type":"BreadcrumbList","@id":"https:\/\/mie.medisonalm3.com\/product\/medical-cannabis-in-veterinary-medicine\/#breadcrumb","itemListElement":[{"@type":"ListItem","position":1,"name":"Home","item":"https:\/\/mie.medisonalm3.com\/"},{"@type":"ListItem","position":2,"name":"Shop Courses","item":"https:\/\/mie.medisonalm3.com\/shop-courses\/"},{"@type":"ListItem","position":3,"name":"Introduction to Medical Cannabis in Veterinary Medicine"}]},{"@type":"WebSite","@id":"https:\/\/mie.medisonalm3.com\/#website","url":"https:\/\/mie.medisonalm3.com\/","name":"Medisonal Institute Of Education","description":"Our CPD accredited courses are targeted to both existing, and future prescribers of cannabis-based products for medicinal use (CBPM).","publisher":{"@id":"https:\/\/mie.medisonalm3.com\/#organization"},"potentialAction":[{"@type":"SearchAction","target":{"@type":"EntryPoint","urlTemplate":"https:\/\/mie.medisonalm3.com\/?s={search_term_string}"},"query-input":{"@type":"PropertyValueSpecification","valueRequired":true,"valueName":"search_term_string"}}],"inLanguage":"cs"},{"@type":"Organization","@id":"https:\/\/mie.medisonalm3.com\/#organization","name":"Medisonal Institute Of Education","url":"https:\/\/mie.medisonalm3.com\/","logo":{"@type":"ImageObject","inLanguage":"cs","@id":"https:\/\/mie.medisonalm3.com\/#\/schema\/logo\/image\/","url":"https:\/\/mie.medisonalm3.com\/wp-content\/uploads\/2022\/05\/MIE-logo-New-white-bg.svg","contentUrl":"https:\/\/mie.medisonalm3.com\/wp-content\/uploads\/2022\/05\/MIE-logo-New-white-bg.svg","width":221,"height":118,"caption":"Medisonal Institute Of Education"},"image":{"@id":"https:\/\/mie.medisonalm3.com\/#\/schema\/logo\/image\/"},"sameAs":["https:\/\/www.facebook.com\/Medisonal","https:\/\/x.com\/MedisonalUK","https:\/\/www.linkedin.com\/company\/medisonal\/"]}]}},"_links":{"self":[{"href":"https:\/\/mie.medisonalm3.com\/cs\/wp-json\/wp\/v2\/product\/9725","targetHints":{"allow":["GET"]}}],"collection":[{"href":"https:\/\/mie.medisonalm3.com\/cs\/wp-json\/wp\/v2\/product"}],"about":[{"href":"https:\/\/mie.medisonalm3.com\/cs\/wp-json\/wp\/v2\/types\/product"}],"wp:featuredmedia":[{"embeddable":true,"href":"https:\/\/mie.medisonalm3.com\/cs\/wp-json\/wp\/v2\/media\/9726"}],"wp:attachment":[{"href":"https:\/\/mie.medisonalm3.com\/cs\/wp-json\/wp\/v2\/media?parent=9725"}],"wp:term":[{"taxonomy":"product_brand","embeddable":true,"href":"https:\/\/mie.medisonalm3.com\/cs\/wp-json\/wp\/v2\/product_brand?post=9725"},{"taxonomy":"product_cat","embeddable":true,"href":"https:\/\/mie.medisonalm3.com\/cs\/wp-json\/wp\/v2\/product_cat?post=9725"},{"taxonomy":"product_tag","embeddable":true,"href":"https:\/\/mie.medisonalm3.com\/cs\/wp-json\/wp\/v2\/product_tag?post=9725"}],"curies":[{"name":"wp","href":"https:\/\/api.w.org\/{rel}","templated":true}]}}