{"id":9750,"date":"2023-05-31T16:57:04","date_gmt":"2023-05-31T16:57:04","guid":{"rendered":"https:\/\/mie.medisonalm3.com\/?post_type=product&#038;p=9750"},"modified":"2024-09-17T11:00:58","modified_gmt":"2024-09-17T11:00:58","slug":"patient-pre-appointment-module","status":"publish","type":"product","link":"https:\/\/mie.medisonalm3.com\/cs\/produkt\/patient-pre-appointment-module\/","title":{"rendered":"Patient Pre-Appointment Module"},"content":{"rendered":"<h3 class=\"elementor-heading-title elementor-size-default\"><strong>Medical Cannabis Education Module for Patients<\/strong><\/h3>\n<p>This education module is designed to provide the foundation knowledge for a patient wishing to discuss the possibility of treatment with medical cannabis with a Specialist Doctor. Designed for patients who have no prior experience with medical cannabis \u2013 this module covers the basics around:<\/p>\n<ul>\n<li data-leveltext=\"\uf0b7\" data-font=\"Symbol\" data-listid=\"1\" data-list-defn-props=\"{&quot;335552541&quot;:1,&quot;335559684&quot;:-2,&quot;335559685&quot;:720,&quot;335559991&quot;:360,&quot;469769226&quot;:&quot;Symbol&quot;,&quot;469769242&quot;:[8226],&quot;469777803&quot;:&quot;left&quot;,&quot;469777804&quot;:&quot;\uf0b7&quot;,&quot;469777815&quot;:&quot;multilevel&quot;}\" aria-setsize=\"-1\" data-aria-posinset=\"1\" data-aria-level=\"1\">What is medical cannabis?<\/li>\n<li data-leveltext=\"\uf0b7\" data-font=\"Symbol\" data-listid=\"1\" data-list-defn-props=\"{&quot;335552541&quot;:1,&quot;335559684&quot;:-2,&quot;335559685&quot;:720,&quot;335559991&quot;:360,&quot;469769226&quot;:&quot;Symbol&quot;,&quot;469769242&quot;:[8226],&quot;469777803&quot;:&quot;left&quot;,&quot;469777804&quot;:&quot;\uf0b7&quot;,&quot;469777815&quot;:&quot;multilevel&quot;}\" aria-setsize=\"-1\" data-aria-posinset=\"2\" data-aria-level=\"1\">How medical cannabis works within the body?<\/li>\n<li data-leveltext=\"\uf0b7\" data-font=\"Symbol\" data-listid=\"1\" data-list-defn-props=\"{&quot;335552541&quot;:1,&quot;335559684&quot;:-2,&quot;335559685&quot;:720,&quot;335559991&quot;:360,&quot;469769226&quot;:&quot;Symbol&quot;,&quot;469769242&quot;:[8226],&quot;469777803&quot;:&quot;left&quot;,&quot;469777804&quot;:&quot;\uf0b7&quot;,&quot;469777815&quot;:&quot;multilevel&quot;}\" aria-setsize=\"-1\" data-aria-posinset=\"2\" data-aria-level=\"1\">Prescribed Cannabis Medication<\/li>\n<li data-leveltext=\"\uf0b7\" data-font=\"Symbol\" data-listid=\"1\" data-list-defn-props=\"{&quot;335552541&quot;:1,&quot;335559684&quot;:-2,&quot;335559685&quot;:720,&quot;335559991&quot;:360,&quot;469769226&quot;:&quot;Symbol&quot;,&quot;469769242&quot;:[8226],&quot;469777803&quot;:&quot;left&quot;,&quot;469777804&quot;:&quot;\uf0b7&quot;,&quot;469777815&quot;:&quot;multilevel&quot;}\" aria-setsize=\"-1\" data-aria-posinset=\"2\" data-aria-level=\"1\">How to access further information &amp; support?<\/li>\n<\/ul>\n<div><em>Here are the learning outcomes of the course:\u00a0<\/em><\/div>\n<div><\/div>\n<p>1)\u00a0<span class=\"TextRun SCXW199045916 BCX0\" lang=\"EN-GB\" xml:lang=\"EN-GB\" data-contrast=\"none\"><span class=\"NormalTextRun SCXW199045916 BCX0\">To provide a good level of knowledge about medical cannabis for patients<\/span><\/span><span class=\"EOP SCXW199045916 BCX0\" data-ccp-props=\"{&quot;134233117&quot;:true,&quot;134233118&quot;:true,&quot;201341983&quot;:0,&quot;335559739&quot;:160,&quot;335559740&quot;:240}\">\u00a0<\/span><\/p>\n<p>2)\u00a0<span class=\"TextRun SCXW35309594 BCX0\" lang=\"EN-GB\" xml:lang=\"EN-GB\" data-contrast=\"none\"><span class=\"NormalTextRun SCXW35309594 BCX0\">To support patients\u00a0<\/span><span class=\"NormalTextRun SCXW35309594 BCX0\">who want\u00a0<\/span><span class=\"NormalTextRun SCXW35309594 BCX0\">to discuss medical cannabis with their health professionals<\/span><span class=\"NormalTextRun SCXW35309594 BCX0\">\u00a0<\/span><\/span><span class=\"EOP SCXW35309594 BCX0\" data-ccp-props=\"{&quot;134233117&quot;:true,&quot;134233118&quot;:true,&quot;201341983&quot;:0,&quot;335559739&quot;:160,&quot;335559740&quot;:240}\">\u00a0<\/span><\/p>\n<p>3)\u00a0<span class=\"TextRun SCXW166306135 BCX0\" lang=\"EN-GB\" xml:lang=\"EN-GB\" data-contrast=\"none\"><span class=\"NormalTextRun SCXW166306135 BCX0\">To help empower patients to understand cannabis as a medicine<\/span><\/span><span class=\"EOP SCXW166306135 BCX0\" data-ccp-props=\"{&quot;134233117&quot;:true,&quot;134233118&quot;:true,&quot;201341983&quot;:0,&quot;335559739&quot;:160,&quot;335559740&quot;:240}\">\u00a0<\/span><\/p>\n","protected":false},"excerpt":{"rendered":"<p>Medical Cannabis Education Module for Patients This education module is designed to provide the foundation knowledge for a patient wishing to discuss the possibility of treatment with medical cannabis with a Specialist Doctor. Designed for patients who have no prior experience with medical cannabis \u2013 this module covers the basics around: What is medical cannabis? [&hellip;]<\/p>\n","protected":false},"featured_media":14853,"template":"","meta":{"inline_featured_image":false,"site-sidebar-layout":"default","site-content-layout":"default","ast-site-content-layout":"default","site-content-style":"default","site-sidebar-style":"default","ast-global-header-display":"","ast-banner-title-visibility":"","ast-main-header-display":"","ast-hfb-above-header-display":"","ast-hfb-below-header-display":"","ast-hfb-mobile-header-display":"","site-post-title":"","ast-breadcrumbs-content":"","ast-featured-img":"","footer-sml-layout":"","theme-transparent-header-meta":"default","adv-header-id-meta":"","stick-header-meta":"","header-above-stick-meta":"","header-main-stick-meta":"","header-below-stick-meta":"","astra-migrate-meta-layouts":"set","ast-page-background-enabled":"default","ast-page-background-meta":{"desktop":{"background-color":"var(--ast-global-color-4)","background-image":"","background-repeat":"repeat","background-position":"center center","background-size":"auto","background-attachment":"scroll","background-type":"","background-media":"","overlay-type":"","overlay-color":"","overlay-opacity":"","overlay-gradient":""},"tablet":{"background-color":"","background-image":"","background-repeat":"repeat","background-position":"center center","background-size":"auto","background-attachment":"scroll","background-type":"","background-media":"","overlay-type":"","overlay-color":"","overlay-opacity":"","overlay-gradient":""},"mobile":{"background-color":"","background-image":"","background-repeat":"repeat","background-position":"center center","background-size":"auto","background-attachment":"scroll","background-type":"","background-media":"","overlay-type":"","overlay-color":"","overlay-opacity":"","overlay-gradient":""}},"ast-content-background-meta":{"desktop":{"background-color":"var(--ast-global-color-5)","background-image":"","background-repeat":"repeat","background-position":"center center","background-size":"auto","background-attachment":"scroll","background-type":"","background-media":"","overlay-type":"","overlay-color":"","overlay-opacity":"","overlay-gradient":""},"tablet":{"background-color":"var(--ast-global-color-5)","background-image":"","background-repeat":"repeat","background-position":"center center","background-size":"auto","background-attachment":"scroll","background-type":"","background-media":"","overlay-type":"","overlay-color":"","overlay-opacity":"","overlay-gradient":""},"mobile":{"background-color":"var(--ast-global-color-5)","background-image":"","background-repeat":"repeat","background-position":"center center","background-size":"auto","background-attachment":"scroll","background-type":"","background-media":"","overlay-type":"","overlay-color":"","overlay-opacity":"","overlay-gradient":""}}},"product_brand":[],"product_cat":[54,56],"product_tag":[],"class_list":{"0":"post-9750","1":"product","2":"type-product","3":"status-publish","4":"has-post-thumbnail","6":"product_cat-cannabis","7":"product_cat-patient","8":"desktop-align-left","9":"tablet-align-left","10":"mobile-align-left","12":"first","13":"instock","14":"virtual","15":"sold-individually","16":"taxable","17":"purchasable","18":"product-type-course"},"yoast_head":"<!-- This site is optimized with the Yoast SEO plugin v27.2 - https:\/\/yoast.com\/product\/yoast-seo-wordpress\/ -->\n<title>Medical Cannabis Education Module for Patients<\/title>\n<meta name=\"description\" content=\"Medical Cannabis Education Module for Patients. Knowledge for a patient wishing to discuss treatment with medical cannabis with a Specialist Doctor.\" \/>\n<meta name=\"robots\" content=\"index, follow, max-snippet:-1, max-image-preview:large, max-video-preview:-1\" \/>\n<link rel=\"canonical\" href=\"https:\/\/mie.medisonalm3.com\/cs\/produkt\/patient-pre-appointment-module\/\" \/>\n<meta property=\"og:locale\" content=\"cs_CZ\" \/>\n<meta property=\"og:type\" content=\"article\" \/>\n<meta property=\"og:title\" content=\"Patient Pre-Appointment Module\" \/>\n<meta property=\"og:description\" content=\"Providing the foundation knowledge for a patient wishing to discuss the possibility of treatment with medical cannabis with a Specialist Doctor.\" \/>\n<meta property=\"og:url\" content=\"https:\/\/mie.medisonalm3.com\/cs\/produkt\/patient-pre-appointment-module\/\" \/>\n<meta property=\"og:site_name\" content=\"Medisonal Institute of Education\" \/>\n<meta property=\"article:publisher\" content=\"https:\/\/www.facebook.com\/Medisonal\" \/>\n<meta property=\"article:modified_time\" content=\"2024-09-17T11:00:58+00:00\" \/>\n<meta property=\"og:image\" content=\"https:\/\/mie.medisonalm3.com\/wp-content\/uploads\/2023\/05\/patient.webp\" \/>\n\t<meta property=\"og:image:width\" content=\"2000\" \/>\n\t<meta property=\"og:image:height\" content=\"1200\" \/>\n\t<meta property=\"og:image:type\" content=\"image\/webp\" \/>\n<meta name=\"twitter:card\" content=\"summary_large_image\" \/>\n<meta name=\"twitter:title\" content=\"Patient Pre-Appointment Module\" \/>\n<meta name=\"twitter:description\" content=\"Providing the foundation knowledge for a patient wishing to discuss the possibility of treatment with medical cannabis with a Specialist Doctor.\" \/>\n<meta name=\"twitter:image\" content=\"https:\/\/mie.medisonalm3.com\/wp-content\/uploads\/2023\/05\/patient.webp\" \/>\n<meta name=\"twitter:site\" content=\"@MedisonalUK\" \/>\n<meta name=\"twitter:label1\" content=\"Odhadovan\u00e1 doba \u010dten\u00ed\" \/>\n\t<meta name=\"twitter:data1\" content=\"1 minuta\" \/>\n<script type=\"application\/ld+json\" class=\"yoast-schema-graph\">{\"@context\":\"https:\/\/schema.org\",\"@graph\":[{\"@type\":\"WebPage\",\"@id\":\"https:\/\/mie.medisonalm3.com\/product\/patient-pre-appointment-module\/\",\"url\":\"https:\/\/mie.medisonalm3.com\/product\/patient-pre-appointment-module\/\",\"name\":\"Medical Cannabis Education Module for Patients\",\"isPartOf\":{\"@id\":\"https:\/\/mie.medisonalm3.com\/#website\"},\"primaryImageOfPage\":{\"@id\":\"https:\/\/mie.medisonalm3.com\/product\/patient-pre-appointment-module\/#primaryimage\"},\"image\":{\"@id\":\"https:\/\/mie.medisonalm3.com\/product\/patient-pre-appointment-module\/#primaryimage\"},\"thumbnailUrl\":\"https:\/\/mie.medisonalm3.com\/wp-content\/uploads\/2023\/05\/patients-image-new.png\",\"datePublished\":\"2023-05-31T16:57:04+00:00\",\"dateModified\":\"2024-09-17T11:00:58+00:00\",\"description\":\"Medical Cannabis Education Module for Patients. Knowledge for a patient wishing to discuss treatment with medical cannabis with a Specialist Doctor.\",\"breadcrumb\":{\"@id\":\"https:\/\/mie.medisonalm3.com\/product\/patient-pre-appointment-module\/#breadcrumb\"},\"inLanguage\":\"cs\",\"potentialAction\":[{\"@type\":\"ReadAction\",\"target\":[\"https:\/\/mie.medisonalm3.com\/product\/patient-pre-appointment-module\/\"]}]},{\"@type\":\"ImageObject\",\"inLanguage\":\"cs\",\"@id\":\"https:\/\/mie.medisonalm3.com\/product\/patient-pre-appointment-module\/#primaryimage\",\"url\":\"https:\/\/mie.medisonalm3.com\/wp-content\/uploads\/2023\/05\/patients-image-new.png\",\"contentUrl\":\"https:\/\/mie.medisonalm3.com\/wp-content\/uploads\/2023\/05\/patients-image-new.png\",\"width\":2000,\"height\":1200},{\"@type\":\"BreadcrumbList\",\"@id\":\"https:\/\/mie.medisonalm3.com\/product\/patient-pre-appointment-module\/#breadcrumb\",\"itemListElement\":[{\"@type\":\"ListItem\",\"position\":1,\"name\":\"Home\",\"item\":\"https:\/\/mie.medisonalm3.com\/\"},{\"@type\":\"ListItem\",\"position\":2,\"name\":\"Shop Courses\",\"item\":\"https:\/\/mie.medisonalm3.com\/shop-courses\/\"},{\"@type\":\"ListItem\",\"position\":3,\"name\":\"Patient Pre-Appointment Module\"}]},{\"@type\":\"WebSite\",\"@id\":\"https:\/\/mie.medisonalm3.com\/#website\",\"url\":\"https:\/\/mie.medisonalm3.com\/\",\"name\":\"Medisonal Institute Of Education\",\"description\":\"Our CPD accredited courses are targeted to both existing, and future prescribers of cannabis-based products for medicinal use (CBPM).\",\"publisher\":{\"@id\":\"https:\/\/mie.medisonalm3.com\/#organization\"},\"potentialAction\":[{\"@type\":\"SearchAction\",\"target\":{\"@type\":\"EntryPoint\",\"urlTemplate\":\"https:\/\/mie.medisonalm3.com\/?s={search_term_string}\"},\"query-input\":{\"@type\":\"PropertyValueSpecification\",\"valueRequired\":true,\"valueName\":\"search_term_string\"}}],\"inLanguage\":\"cs\"},{\"@type\":\"Organization\",\"@id\":\"https:\/\/mie.medisonalm3.com\/#organization\",\"name\":\"Medisonal Institute Of Education\",\"url\":\"https:\/\/mie.medisonalm3.com\/\",\"logo\":{\"@type\":\"ImageObject\",\"inLanguage\":\"cs\",\"@id\":\"https:\/\/mie.medisonalm3.com\/#\/schema\/logo\/image\/\",\"url\":\"https:\/\/mie.medisonalm3.com\/wp-content\/uploads\/2022\/05\/MIE-logo-New-white-bg.svg\",\"contentUrl\":\"https:\/\/mie.medisonalm3.com\/wp-content\/uploads\/2022\/05\/MIE-logo-New-white-bg.svg\",\"width\":221,\"height\":118,\"caption\":\"Medisonal Institute Of Education\"},\"image\":{\"@id\":\"https:\/\/mie.medisonalm3.com\/#\/schema\/logo\/image\/\"},\"sameAs\":[\"https:\/\/www.facebook.com\/Medisonal\",\"https:\/\/x.com\/MedisonalUK\",\"https:\/\/www.linkedin.com\/company\/medisonal\/\"]}]}<\/script>\n<!-- \/ Yoast SEO plugin. -->","yoast_head_json":{"title":"Medical Cannabis Education Module for Patients","description":"Medical Cannabis Education Module for Patients. Knowledge for a patient wishing to discuss treatment with medical cannabis with a Specialist Doctor.","robots":{"index":"index","follow":"follow","max-snippet":"max-snippet:-1","max-image-preview":"max-image-preview:large","max-video-preview":"max-video-preview:-1"},"canonical":"https:\/\/mie.medisonalm3.com\/cs\/produkt\/patient-pre-appointment-module\/","og_locale":"cs_CZ","og_type":"article","og_title":"Patient Pre-Appointment Module","og_description":"Providing the foundation knowledge for a patient wishing to discuss the possibility of treatment with medical cannabis with a Specialist Doctor.","og_url":"https:\/\/mie.medisonalm3.com\/cs\/produkt\/patient-pre-appointment-module\/","og_site_name":"Medisonal Institute of Education","article_publisher":"https:\/\/www.facebook.com\/Medisonal","article_modified_time":"2024-09-17T11:00:58+00:00","og_image":[{"width":2000,"height":1200,"url":"https:\/\/mie.medisonalm3.com\/wp-content\/uploads\/2023\/05\/patient.webp","type":"image\/webp"}],"twitter_card":"summary_large_image","twitter_title":"Patient Pre-Appointment Module","twitter_description":"Providing the foundation knowledge for a patient wishing to discuss the possibility of treatment with medical cannabis with a Specialist Doctor.","twitter_image":"https:\/\/mie.medisonalm3.com\/wp-content\/uploads\/2023\/05\/patient.webp","twitter_site":"@MedisonalUK","twitter_misc":{"Odhadovan\u00e1 doba \u010dten\u00ed":"1 minuta"},"schema":{"@context":"https:\/\/schema.org","@graph":[{"@type":"WebPage","@id":"https:\/\/mie.medisonalm3.com\/product\/patient-pre-appointment-module\/","url":"https:\/\/mie.medisonalm3.com\/product\/patient-pre-appointment-module\/","name":"Medical Cannabis Education Module for Patients","isPartOf":{"@id":"https:\/\/mie.medisonalm3.com\/#website"},"primaryImageOfPage":{"@id":"https:\/\/mie.medisonalm3.com\/product\/patient-pre-appointment-module\/#primaryimage"},"image":{"@id":"https:\/\/mie.medisonalm3.com\/product\/patient-pre-appointment-module\/#primaryimage"},"thumbnailUrl":"https:\/\/mie.medisonalm3.com\/wp-content\/uploads\/2023\/05\/patients-image-new.png","datePublished":"2023-05-31T16:57:04+00:00","dateModified":"2024-09-17T11:00:58+00:00","description":"Medical Cannabis Education Module for Patients. Knowledge for a patient wishing to discuss treatment with medical cannabis with a Specialist Doctor.","breadcrumb":{"@id":"https:\/\/mie.medisonalm3.com\/product\/patient-pre-appointment-module\/#breadcrumb"},"inLanguage":"cs","potentialAction":[{"@type":"ReadAction","target":["https:\/\/mie.medisonalm3.com\/product\/patient-pre-appointment-module\/"]}]},{"@type":"ImageObject","inLanguage":"cs","@id":"https:\/\/mie.medisonalm3.com\/product\/patient-pre-appointment-module\/#primaryimage","url":"https:\/\/mie.medisonalm3.com\/wp-content\/uploads\/2023\/05\/patients-image-new.png","contentUrl":"https:\/\/mie.medisonalm3.com\/wp-content\/uploads\/2023\/05\/patients-image-new.png","width":2000,"height":1200},{"@type":"BreadcrumbList","@id":"https:\/\/mie.medisonalm3.com\/product\/patient-pre-appointment-module\/#breadcrumb","itemListElement":[{"@type":"ListItem","position":1,"name":"Home","item":"https:\/\/mie.medisonalm3.com\/"},{"@type":"ListItem","position":2,"name":"Shop Courses","item":"https:\/\/mie.medisonalm3.com\/shop-courses\/"},{"@type":"ListItem","position":3,"name":"Patient Pre-Appointment Module"}]},{"@type":"WebSite","@id":"https:\/\/mie.medisonalm3.com\/#website","url":"https:\/\/mie.medisonalm3.com\/","name":"Medisonal Institute Of Education","description":"Our CPD accredited courses are targeted to both existing, and future prescribers of cannabis-based products for medicinal use (CBPM).","publisher":{"@id":"https:\/\/mie.medisonalm3.com\/#organization"},"potentialAction":[{"@type":"SearchAction","target":{"@type":"EntryPoint","urlTemplate":"https:\/\/mie.medisonalm3.com\/?s={search_term_string}"},"query-input":{"@type":"PropertyValueSpecification","valueRequired":true,"valueName":"search_term_string"}}],"inLanguage":"cs"},{"@type":"Organization","@id":"https:\/\/mie.medisonalm3.com\/#organization","name":"Medisonal Institute Of Education","url":"https:\/\/mie.medisonalm3.com\/","logo":{"@type":"ImageObject","inLanguage":"cs","@id":"https:\/\/mie.medisonalm3.com\/#\/schema\/logo\/image\/","url":"https:\/\/mie.medisonalm3.com\/wp-content\/uploads\/2022\/05\/MIE-logo-New-white-bg.svg","contentUrl":"https:\/\/mie.medisonalm3.com\/wp-content\/uploads\/2022\/05\/MIE-logo-New-white-bg.svg","width":221,"height":118,"caption":"Medisonal Institute Of Education"},"image":{"@id":"https:\/\/mie.medisonalm3.com\/#\/schema\/logo\/image\/"},"sameAs":["https:\/\/www.facebook.com\/Medisonal","https:\/\/x.com\/MedisonalUK","https:\/\/www.linkedin.com\/company\/medisonal\/"]}]}},"_links":{"self":[{"href":"https:\/\/mie.medisonalm3.com\/cs\/wp-json\/wp\/v2\/product\/9750","targetHints":{"allow":["GET"]}}],"collection":[{"href":"https:\/\/mie.medisonalm3.com\/cs\/wp-json\/wp\/v2\/product"}],"about":[{"href":"https:\/\/mie.medisonalm3.com\/cs\/wp-json\/wp\/v2\/types\/product"}],"wp:featuredmedia":[{"embeddable":true,"href":"https:\/\/mie.medisonalm3.com\/cs\/wp-json\/wp\/v2\/media\/14853"}],"wp:attachment":[{"href":"https:\/\/mie.medisonalm3.com\/cs\/wp-json\/wp\/v2\/media?parent=9750"}],"wp:term":[{"taxonomy":"product_brand","embeddable":true,"href":"https:\/\/mie.medisonalm3.com\/cs\/wp-json\/wp\/v2\/product_brand?post=9750"},{"taxonomy":"product_cat","embeddable":true,"href":"https:\/\/mie.medisonalm3.com\/cs\/wp-json\/wp\/v2\/product_cat?post=9750"},{"taxonomy":"product_tag","embeddable":true,"href":"https:\/\/mie.medisonalm3.com\/cs\/wp-json\/wp\/v2\/product_tag?post=9750"}],"curies":[{"name":"wp","href":"https:\/\/api.w.org\/{rel}","templated":true}]}}