{"id":9766,"date":"2023-06-02T09:30:17","date_gmt":"2023-06-02T09:30:17","guid":{"rendered":"https:\/\/mie.medisonalm3.com\/?post_type=product&#038;p=9766"},"modified":"2023-09-15T14:15:17","modified_gmt":"2023-09-15T14:15:17","slug":"cbpm-ophthalmological-pathologies","status":"publish","type":"product","link":"https:\/\/mie.medisonalm3.com\/cs\/produkt\/cbpm-ophthalmological-pathologies\/","title":{"rendered":"The role of Cannabis-based Products for Medicinal Use (CBPM) in patients with ophthalmological pathologies"},"content":{"rendered":"<p><span class=\"TextRun SCXW224549047 BCX0\" lang=\"EN-GB\" xml:lang=\"EN-GB\" data-contrast=\"none\"><span class=\"NormalTextRun SCXW224549047 BCX0\">This course aims to guide clinicians through the CBPM prescription process for patients with\u00a0<\/span><span class=\"NormalTextRun SCXW224549047 BCX0\">ophthalmological pathologies to optimise patient experience and therapeutic outcome.<\/span><\/span><span class=\"EOP SCXW224549047 BCX0\" data-ccp-props=\"{&quot;201341983&quot;:0,&quot;335559740&quot;:259}\">\u00a0<\/span><\/p>\n<ul>\n<li data-leveltext=\"\uf0b7\" data-font=\"Symbol\" data-listid=\"1\" data-list-defn-props=\"{&quot;335552541&quot;:1,&quot;335559684&quot;:-2,&quot;335559685&quot;:720,&quot;335559991&quot;:360,&quot;469769226&quot;:&quot;Symbol&quot;,&quot;469769242&quot;:[8226],&quot;469777803&quot;:&quot;left&quot;,&quot;469777804&quot;:&quot;\uf0b7&quot;,&quot;469777815&quot;:&quot;hybridMultilevel&quot;}\" aria-setsize=\"-1\" data-aria-posinset=\"1\" data-aria-level=\"1\">To list the applications for cannabis-based medicines in the field of ophthalmology and to identify the pros and cons of CBPM for each application.<\/li>\n<li data-leveltext=\"\uf0b7\" data-font=\"Symbol\" data-listid=\"1\" data-list-defn-props=\"{&quot;335552541&quot;:1,&quot;335559684&quot;:-2,&quot;335559685&quot;:720,&quot;335559991&quot;:360,&quot;469769226&quot;:&quot;Symbol&quot;,&quot;469769242&quot;:[8226],&quot;469777803&quot;:&quot;left&quot;,&quot;469777804&quot;:&quot;\uf0b7&quot;,&quot;469777815&quot;:&quot;hybridMultilevel&quot;}\" aria-setsize=\"-1\" data-aria-posinset=\"2\" data-aria-level=\"1\">To recall appropriate treatment ratios of THC:CBD when prescribing CBPM for each ophthalmological application and to recognise a suitable starting dose.<\/li>\n<li data-leveltext=\"\uf0b7\" data-font=\"Symbol\" data-listid=\"1\" data-list-defn-props=\"{&quot;335552541&quot;:1,&quot;335559684&quot;:-2,&quot;335559685&quot;:720,&quot;335559991&quot;:360,&quot;469769226&quot;:&quot;Symbol&quot;,&quot;469769242&quot;:[8226],&quot;469777803&quot;:&quot;left&quot;,&quot;469777804&quot;:&quot;\uf0b7&quot;,&quot;469777815&quot;:&quot;hybridMultilevel&quot;}\" aria-setsize=\"-1\" data-aria-posinset=\"3\" data-aria-level=\"1\">To create a treatment plan for an individual patient with an ophthalmological condition requiring CBPM therapy, including appropriate maintenance and follow-up.<\/li>\n<\/ul>\n<p>&nbsp;<\/p>\n<p><strong>DISCLAIMER:<\/strong>\u00a0The following educational module on the role of Cannabis-Based Products for Medicinal Use (CBPM) in patients with ophthalmological pathologies is designed to provide current knowledge and understanding of this emerging field. However, it is important to note that research on the use of CBPMs for ophthalmological conditions is still very limited, and much remains to be discovered. Therefore, the information presented in this module is based on the current available evidence, which may evolve over time as new research emerges. We encourage healthcare professionals to stay updated on the latest research and developments in this field, and we will regularly review and update this module as new information becomes available.<\/p>\n","protected":false},"excerpt":{"rendered":"<p>This course aims to guide clinicians through the CBPM prescription process for patients with\u00a0ophthalmological pathologies to optimise patient experience and therapeutic outcome.\u00a0 To list the applications for cannabis-based medicines in the field of ophthalmology and to identify the pros and cons of CBPM for each application. To recall appropriate treatment ratios of THC:CBD when prescribing [&hellip;]<\/p>\n","protected":false},"featured_media":9767,"template":"","meta":{"inline_featured_image":false,"site-sidebar-layout":"default","site-content-layout":"default","ast-site-content-layout":"","site-content-style":"default","site-sidebar-style":"default","ast-global-header-display":"","ast-banner-title-visibility":"","ast-main-header-display":"","ast-hfb-above-header-display":"","ast-hfb-below-header-display":"","ast-hfb-mobile-header-display":"","site-post-title":"","ast-breadcrumbs-content":"","ast-featured-img":"","footer-sml-layout":"","theme-transparent-header-meta":"default","adv-header-id-meta":"","stick-header-meta":"","header-above-stick-meta":"","header-main-stick-meta":"","header-below-stick-meta":"","astra-migrate-meta-layouts":"default","ast-page-background-enabled":"default","ast-page-background-meta":{"desktop":{"background-color":"var(--ast-global-color-4)","background-image":"","background-repeat":"repeat","background-position":"center center","background-size":"auto","background-attachment":"scroll","background-type":"","background-media":"","overlay-type":"","overlay-color":"","overlay-opacity":"","overlay-gradient":""},"tablet":{"background-color":"","background-image":"","background-repeat":"repeat","background-position":"center center","background-size":"auto","background-attachment":"scroll","background-type":"","background-media":"","overlay-type":"","overlay-color":"","overlay-opacity":"","overlay-gradient":""},"mobile":{"background-color":"","background-image":"","background-repeat":"repeat","background-position":"center center","background-size":"auto","background-attachment":"scroll","background-type":"","background-media":"","overlay-type":"","overlay-color":"","overlay-opacity":"","overlay-gradient":""}},"ast-content-background-meta":{"desktop":{"background-color":"var(--ast-global-color-5)","background-image":"","background-repeat":"repeat","background-position":"center center","background-size":"auto","background-attachment":"scroll","background-type":"","background-media":"","overlay-type":"","overlay-color":"","overlay-opacity":"","overlay-gradient":""},"tablet":{"background-color":"var(--ast-global-color-5)","background-image":"","background-repeat":"repeat","background-position":"center center","background-size":"auto","background-attachment":"scroll","background-type":"","background-media":"","overlay-type":"","overlay-color":"","overlay-opacity":"","overlay-gradient":""},"mobile":{"background-color":"var(--ast-global-color-5)","background-image":"","background-repeat":"repeat","background-position":"center center","background-size":"auto","background-attachment":"scroll","background-type":"","background-media":"","overlay-type":"","overlay-color":"","overlay-opacity":"","overlay-gradient":""}}},"product_brand":[],"product_cat":[54],"product_tag":[],"class_list":{"0":"post-9766","1":"product","2":"type-product","3":"status-publish","4":"has-post-thumbnail","6":"product_cat-cannabis","7":"desktop-align-left","8":"tablet-align-left","9":"mobile-align-left","11":"first","12":"instock","13":"virtual","14":"sold-individually","15":"taxable","16":"purchasable","17":"product-type-course"},"yoast_head":"<!-- This site is optimized with the Yoast SEO plugin v27.2 - https:\/\/yoast.com\/product\/yoast-seo-wordpress\/ -->\n<title>CBPM in patients with ophthalmological pathologies<\/title>\n<meta name=\"description\" content=\"This course aims to guide clinicians through the CBPM prescription process for patients with\u00a0ophthalmological pathologies.\" \/>\n<meta name=\"robots\" content=\"index, follow, max-snippet:-1, max-image-preview:large, max-video-preview:-1\" \/>\n<link rel=\"canonical\" href=\"https:\/\/mie.medisonalm3.com\/cs\/produkt\/cbpm-ophthalmological-pathologies\/\" \/>\n<meta property=\"og:locale\" content=\"cs_CZ\" \/>\n<meta property=\"og:type\" content=\"article\" \/>\n<meta property=\"og:title\" content=\"The role of Cannabis-based Products for Medicinal Use (CBPM) in patients with ophthalmological pathologies.\" \/>\n<meta property=\"og:description\" content=\"This course aims to guide clinicians through the CBPM prescription process for patients with\u00a0ophthalmological\u00a0conditions to optimise patient experience and therapeutic outcome.\u00a0\" \/>\n<meta property=\"og:url\" content=\"https:\/\/mie.medisonalm3.com\/cs\/produkt\/cbpm-ophthalmological-pathologies\/\" \/>\n<meta property=\"og:site_name\" content=\"Medisonal Institute of Education\" \/>\n<meta property=\"article:publisher\" content=\"https:\/\/www.facebook.com\/Medisonal\" \/>\n<meta property=\"article:modified_time\" content=\"2023-09-15T14:15:17+00:00\" \/>\n<meta property=\"og:image\" content=\"https:\/\/i0.wp.com\/mie.medisonalm3.com\/wp-content\/uploads\/2023\/06\/opt.webp?fit=2000%2C1200&ssl=1\" \/>\n\t<meta property=\"og:image:width\" content=\"2000\" \/>\n\t<meta property=\"og:image:height\" content=\"1200\" \/>\n\t<meta property=\"og:image:type\" content=\"image\/webp\" \/>\n<meta name=\"twitter:card\" content=\"summary_large_image\" \/>\n<meta name=\"twitter:title\" content=\"The role of Cannabis-based Products for Medicinal Use (CBPM) in patients with ophthalmological pathologies.\" \/>\n<meta name=\"twitter:description\" content=\"This course aims to guide clinicians through the CBPM prescription process for patients with\u00a0ophthalmological\u00a0conditions to optimise patient experience and therapeutic outcome.\u00a0\" \/>\n<meta name=\"twitter:image\" content=\"https:\/\/mie.medisonalm3.com\/wp-content\/uploads\/2023\/06\/opt.webp\" \/>\n<meta name=\"twitter:site\" content=\"@MedisonalUK\" \/>\n<meta name=\"twitter:label1\" content=\"Odhadovan\u00e1 doba \u010dten\u00ed\" \/>\n\t<meta name=\"twitter:data1\" content=\"1 minuta\" \/>\n<script type=\"application\/ld+json\" class=\"yoast-schema-graph\">{\"@context\":\"https:\/\/schema.org\",\"@graph\":[{\"@type\":\"WebPage\",\"@id\":\"https:\/\/mie.medisonalm3.com\/product\/cbpm-ophthalmological-pathologies\/\",\"url\":\"https:\/\/mie.medisonalm3.com\/product\/cbpm-ophthalmological-pathologies\/\",\"name\":\"CBPM in patients with ophthalmological pathologies\",\"isPartOf\":{\"@id\":\"https:\/\/mie.medisonalm3.com\/#website\"},\"primaryImageOfPage\":{\"@id\":\"https:\/\/mie.medisonalm3.com\/product\/cbpm-ophthalmological-pathologies\/#primaryimage\"},\"image\":{\"@id\":\"https:\/\/mie.medisonalm3.com\/product\/cbpm-ophthalmological-pathologies\/#primaryimage\"},\"thumbnailUrl\":\"https:\/\/mie.medisonalm3.com\/wp-content\/uploads\/2023\/06\/opt.webp\",\"datePublished\":\"2023-06-02T09:30:17+00:00\",\"dateModified\":\"2023-09-15T14:15:17+00:00\",\"description\":\"This course aims to guide clinicians through the CBPM prescription process for patients with\u00a0ophthalmological pathologies.\",\"breadcrumb\":{\"@id\":\"https:\/\/mie.medisonalm3.com\/product\/cbpm-ophthalmological-pathologies\/#breadcrumb\"},\"inLanguage\":\"cs\",\"potentialAction\":[{\"@type\":\"ReadAction\",\"target\":[\"https:\/\/mie.medisonalm3.com\/product\/cbpm-ophthalmological-pathologies\/\"]}]},{\"@type\":\"ImageObject\",\"inLanguage\":\"cs\",\"@id\":\"https:\/\/mie.medisonalm3.com\/product\/cbpm-ophthalmological-pathologies\/#primaryimage\",\"url\":\"https:\/\/mie.medisonalm3.com\/wp-content\/uploads\/2023\/06\/opt.webp\",\"contentUrl\":\"https:\/\/mie.medisonalm3.com\/wp-content\/uploads\/2023\/06\/opt.webp\",\"width\":2000,\"height\":1200,\"caption\":\"The role of Cannabis-based Products for Medicinal Use (CBPM) in patients with ophthalmological pathologies\"},{\"@type\":\"BreadcrumbList\",\"@id\":\"https:\/\/mie.medisonalm3.com\/product\/cbpm-ophthalmological-pathologies\/#breadcrumb\",\"itemListElement\":[{\"@type\":\"ListItem\",\"position\":1,\"name\":\"Home\",\"item\":\"https:\/\/mie.medisonalm3.com\/\"},{\"@type\":\"ListItem\",\"position\":2,\"name\":\"Shop Courses\",\"item\":\"https:\/\/mie.medisonalm3.com\/shop-courses\/\"},{\"@type\":\"ListItem\",\"position\":3,\"name\":\"The role of Cannabis-based Products for Medicinal Use (CBPM) in patients with ophthalmological pathologies\"}]},{\"@type\":\"WebSite\",\"@id\":\"https:\/\/mie.medisonalm3.com\/#website\",\"url\":\"https:\/\/mie.medisonalm3.com\/\",\"name\":\"Medisonal Institute Of Education\",\"description\":\"Our CPD accredited courses are targeted to both existing, and future prescribers of cannabis-based products for medicinal use (CBPM).\",\"publisher\":{\"@id\":\"https:\/\/mie.medisonalm3.com\/#organization\"},\"potentialAction\":[{\"@type\":\"SearchAction\",\"target\":{\"@type\":\"EntryPoint\",\"urlTemplate\":\"https:\/\/mie.medisonalm3.com\/?s={search_term_string}\"},\"query-input\":{\"@type\":\"PropertyValueSpecification\",\"valueRequired\":true,\"valueName\":\"search_term_string\"}}],\"inLanguage\":\"cs\"},{\"@type\":\"Organization\",\"@id\":\"https:\/\/mie.medisonalm3.com\/#organization\",\"name\":\"Medisonal Institute Of Education\",\"url\":\"https:\/\/mie.medisonalm3.com\/\",\"logo\":{\"@type\":\"ImageObject\",\"inLanguage\":\"cs\",\"@id\":\"https:\/\/mie.medisonalm3.com\/#\/schema\/logo\/image\/\",\"url\":\"https:\/\/mie.medisonalm3.com\/wp-content\/uploads\/2022\/05\/MIE-logo-New-white-bg.svg\",\"contentUrl\":\"https:\/\/mie.medisonalm3.com\/wp-content\/uploads\/2022\/05\/MIE-logo-New-white-bg.svg\",\"width\":221,\"height\":118,\"caption\":\"Medisonal Institute Of Education\"},\"image\":{\"@id\":\"https:\/\/mie.medisonalm3.com\/#\/schema\/logo\/image\/\"},\"sameAs\":[\"https:\/\/www.facebook.com\/Medisonal\",\"https:\/\/x.com\/MedisonalUK\",\"https:\/\/www.linkedin.com\/company\/medisonal\/\"]}]}<\/script>\n<!-- \/ Yoast SEO plugin. -->","yoast_head_json":{"title":"CBPM in patients with ophthalmological pathologies","description":"This course aims to guide clinicians through the CBPM prescription process for patients with\u00a0ophthalmological pathologies.","robots":{"index":"index","follow":"follow","max-snippet":"max-snippet:-1","max-image-preview":"max-image-preview:large","max-video-preview":"max-video-preview:-1"},"canonical":"https:\/\/mie.medisonalm3.com\/cs\/produkt\/cbpm-ophthalmological-pathologies\/","og_locale":"cs_CZ","og_type":"article","og_title":"The role of Cannabis-based Products for Medicinal Use (CBPM) in patients with ophthalmological pathologies.","og_description":"This course aims to guide clinicians through the CBPM prescription process for patients with\u00a0ophthalmological\u00a0conditions to optimise patient experience and therapeutic outcome.\u00a0","og_url":"https:\/\/mie.medisonalm3.com\/cs\/produkt\/cbpm-ophthalmological-pathologies\/","og_site_name":"Medisonal Institute of Education","article_publisher":"https:\/\/www.facebook.com\/Medisonal","article_modified_time":"2023-09-15T14:15:17+00:00","og_image":[{"width":2000,"height":1200,"url":"https:\/\/i0.wp.com\/mie.medisonalm3.com\/wp-content\/uploads\/2023\/06\/opt.webp?fit=2000%2C1200&ssl=1","type":"image\/webp"}],"twitter_card":"summary_large_image","twitter_title":"The role of Cannabis-based Products for Medicinal Use (CBPM) in patients with ophthalmological pathologies.","twitter_description":"This course aims to guide clinicians through the CBPM prescription process for patients with\u00a0ophthalmological\u00a0conditions to optimise patient experience and therapeutic outcome.\u00a0","twitter_image":"https:\/\/mie.medisonalm3.com\/wp-content\/uploads\/2023\/06\/opt.webp","twitter_site":"@MedisonalUK","twitter_misc":{"Odhadovan\u00e1 doba \u010dten\u00ed":"1 minuta"},"schema":{"@context":"https:\/\/schema.org","@graph":[{"@type":"WebPage","@id":"https:\/\/mie.medisonalm3.com\/product\/cbpm-ophthalmological-pathologies\/","url":"https:\/\/mie.medisonalm3.com\/product\/cbpm-ophthalmological-pathologies\/","name":"CBPM in patients with ophthalmological pathologies","isPartOf":{"@id":"https:\/\/mie.medisonalm3.com\/#website"},"primaryImageOfPage":{"@id":"https:\/\/mie.medisonalm3.com\/product\/cbpm-ophthalmological-pathologies\/#primaryimage"},"image":{"@id":"https:\/\/mie.medisonalm3.com\/product\/cbpm-ophthalmological-pathologies\/#primaryimage"},"thumbnailUrl":"https:\/\/mie.medisonalm3.com\/wp-content\/uploads\/2023\/06\/opt.webp","datePublished":"2023-06-02T09:30:17+00:00","dateModified":"2023-09-15T14:15:17+00:00","description":"This course aims to guide clinicians through the CBPM prescription process for patients with\u00a0ophthalmological pathologies.","breadcrumb":{"@id":"https:\/\/mie.medisonalm3.com\/product\/cbpm-ophthalmological-pathologies\/#breadcrumb"},"inLanguage":"cs","potentialAction":[{"@type":"ReadAction","target":["https:\/\/mie.medisonalm3.com\/product\/cbpm-ophthalmological-pathologies\/"]}]},{"@type":"ImageObject","inLanguage":"cs","@id":"https:\/\/mie.medisonalm3.com\/product\/cbpm-ophthalmological-pathologies\/#primaryimage","url":"https:\/\/mie.medisonalm3.com\/wp-content\/uploads\/2023\/06\/opt.webp","contentUrl":"https:\/\/mie.medisonalm3.com\/wp-content\/uploads\/2023\/06\/opt.webp","width":2000,"height":1200,"caption":"The role of Cannabis-based Products for Medicinal Use (CBPM) in patients with ophthalmological pathologies"},{"@type":"BreadcrumbList","@id":"https:\/\/mie.medisonalm3.com\/product\/cbpm-ophthalmological-pathologies\/#breadcrumb","itemListElement":[{"@type":"ListItem","position":1,"name":"Home","item":"https:\/\/mie.medisonalm3.com\/"},{"@type":"ListItem","position":2,"name":"Shop Courses","item":"https:\/\/mie.medisonalm3.com\/shop-courses\/"},{"@type":"ListItem","position":3,"name":"The role of Cannabis-based Products for Medicinal Use (CBPM) in patients with ophthalmological pathologies"}]},{"@type":"WebSite","@id":"https:\/\/mie.medisonalm3.com\/#website","url":"https:\/\/mie.medisonalm3.com\/","name":"Medisonal Institute Of Education","description":"Our CPD accredited courses are targeted to both existing, and future prescribers of cannabis-based products for medicinal use (CBPM).","publisher":{"@id":"https:\/\/mie.medisonalm3.com\/#organization"},"potentialAction":[{"@type":"SearchAction","target":{"@type":"EntryPoint","urlTemplate":"https:\/\/mie.medisonalm3.com\/?s={search_term_string}"},"query-input":{"@type":"PropertyValueSpecification","valueRequired":true,"valueName":"search_term_string"}}],"inLanguage":"cs"},{"@type":"Organization","@id":"https:\/\/mie.medisonalm3.com\/#organization","name":"Medisonal Institute Of Education","url":"https:\/\/mie.medisonalm3.com\/","logo":{"@type":"ImageObject","inLanguage":"cs","@id":"https:\/\/mie.medisonalm3.com\/#\/schema\/logo\/image\/","url":"https:\/\/mie.medisonalm3.com\/wp-content\/uploads\/2022\/05\/MIE-logo-New-white-bg.svg","contentUrl":"https:\/\/mie.medisonalm3.com\/wp-content\/uploads\/2022\/05\/MIE-logo-New-white-bg.svg","width":221,"height":118,"caption":"Medisonal Institute Of Education"},"image":{"@id":"https:\/\/mie.medisonalm3.com\/#\/schema\/logo\/image\/"},"sameAs":["https:\/\/www.facebook.com\/Medisonal","https:\/\/x.com\/MedisonalUK","https:\/\/www.linkedin.com\/company\/medisonal\/"]}]}},"_links":{"self":[{"href":"https:\/\/mie.medisonalm3.com\/cs\/wp-json\/wp\/v2\/product\/9766","targetHints":{"allow":["GET"]}}],"collection":[{"href":"https:\/\/mie.medisonalm3.com\/cs\/wp-json\/wp\/v2\/product"}],"about":[{"href":"https:\/\/mie.medisonalm3.com\/cs\/wp-json\/wp\/v2\/types\/product"}],"wp:featuredmedia":[{"embeddable":true,"href":"https:\/\/mie.medisonalm3.com\/cs\/wp-json\/wp\/v2\/media\/9767"}],"wp:attachment":[{"href":"https:\/\/mie.medisonalm3.com\/cs\/wp-json\/wp\/v2\/media?parent=9766"}],"wp:term":[{"taxonomy":"product_brand","embeddable":true,"href":"https:\/\/mie.medisonalm3.com\/cs\/wp-json\/wp\/v2\/product_brand?post=9766"},{"taxonomy":"product_cat","embeddable":true,"href":"https:\/\/mie.medisonalm3.com\/cs\/wp-json\/wp\/v2\/product_cat?post=9766"},{"taxonomy":"product_tag","embeddable":true,"href":"https:\/\/mie.medisonalm3.com\/cs\/wp-json\/wp\/v2\/product_tag?post=9766"}],"curies":[{"name":"wp","href":"https:\/\/api.w.org\/{rel}","templated":true}]}}